{"id":610,"date":"2015-05-31T20:42:31","date_gmt":"2015-05-31T18:42:31","guid":{"rendered":"http:\/\/kirmesburschen-beuren.de\/?page_id=610"},"modified":"2023-07-31T18:48:23","modified_gmt":"2023-07-31T16:48:23","slug":"bierathlon-2","status":"publish","type":"page","link":"https:\/\/kirmesburschen-beuren.de\/index.php\/bierathlon-2\/","title":{"rendered":"Bierathlon"},"content":{"rendered":"<div id=\"pl-610\"  class=\"panel-layout\" ><div id=\"pg-610-0\"  class=\"panel-grid panel-has-style\" ><div style=\"padding: 100px 0; \" data-overlay=\"true\" class=\"panel-row-style panel-row-style-for-610-0\" ><div id=\"pgc-610-0-0\"  class=\"panel-grid-cell\" ><div id=\"panel-610-0-0-0\" class=\"so-panel widget widget_black-studio-tinymce widget_black_studio_tinymce panel-first-child panel-last-child\" data-index=\"0\" ><div style=\"text-align: left;\" data-title-color=\"#443f3f\" data-headings-color=\"#443f3f\" class=\"panel-widget-style panel-widget-style-for-610-0-0-0\" ><div class=\"textwidget\"><section id=\"builder-section-1432054679271\" class=\"builder-section builder-section-prev-banner builder-section-text builder-section-last builder-text-columns-1\">\n<div class=\"builder-section-content\">\n<div id=\"builder-section-1432054679271-column-1\" class=\"builder-text-column builder-text-column-1\">\n<div class=\"builder-text-content\">\n<p>Wir freuen uns, dass wir dieses Jahr wieder einen Bierathlon veranstalten k\u00f6nnen. Dieser wird am <strong>19. August<\/strong> stattfinden.<\/div>\n<\/div>\n<p>Alle Facts, wie Startort, Route und Regelwerk findet Ihr auf dieser Seite.<\/p><\/div>\n<\/section>\n<p>Zur Anmeldung und weiteren Fragen kann das Formular auf dieser Seite verwendet werden.<\/p>\n<p>Wir freuen uns \u00fcber rege Beteiligung.<\/p>\n<p>&nbsp;<\/p>\n<p><strong>Um einen reibungslosen Ablauf zu gew\u00e4hrleisten, m\u00fcssen sich alle Teams bis 13:00 Uhr am M\u00fchlberg (Startpunkt) einfinden.<\/strong><\/p>\n<p>&nbsp;<\/p>\n<p>Teilnahme ab 18!<\/p>\n<p>&nbsp;<\/p>\n<section id=\"builder-section-1432054679271\" class=\"builder-section builder-section-prev-banner builder-section-text builder-section-last builder-text-columns-1\">\n<div class=\"builder-section-content\">\n<div id=\"builder-section-1432054679271-column-1\" class=\"builder-text-column builder-text-column-1\">\n<div class=\"builder-text-content\">\n<p><b>Regelwerk:<\/b><\/p>\n<p>&nbsp;<\/p>\n<p>Nat\u00fcrlich ist der Bierathlon eine Gaudiveranstaltung und keine bierernste Sache. Im Prinzip ist es ganz einfach:<\/p>\n<p>Zwei Personen, die am Bierathlon Original teilnehmen, laufen mit 20 Flaschen Bier in einem Kasten. F\u00fcr die Teilnehmer am Bierathlon Lite gilt die Anzahl von 11 Flaschen Bier. Alle Teilnehmer laufen die identische, von Streckenposten abgesperrte, Strecke ab.<\/p>\n<p>In dieser Zeit muss das ganze Bier getrunken werden und der Kasten mit allen leeren Flaschen und allen Kronkorken wieder im Ziel ankommen.<\/p>\n<p>&nbsp;<\/p>\n<p>Startgeb\u00fchr: 10\u20ac \/\u00a0Team<\/p>\n<p>Gewinn: 1 Kiste Bier und einen Wanderpokal<\/p>\n<p>&nbsp;<\/p>\n<p>Hier nochmal die Regeln einzeln aufgelistet:<\/p>\n<p>1.\u00a0\u00a0\u00a0\u00a0\u00a0\u00a0 Ein Team besteht aus zwei Teilnehmern (mindestens 18 Jahre alt)<\/p>\n<p>1.1.\u00a0\u00a0 Das Bier muss selbst mitgebracht werden, erlaubt ist alles was schmeckt und einen Mindestalkoholgehalt von 4,8% hat.<\/p>\n<p>1.2.\u00a0\u00a0 Das Bier ist in 0,5l Flaschen in einem Kasten (nicht teilbar) mitzubringen.<\/p>\n<p>1.3.\u00a0\u00a0 Die Laufstrecke betr\u00e4gt 8 Km und wird von Streckenposten \u00fcberwacht. Abweichungen von der Strecke f\u00fchren zur Disqualifikation.<\/p>\n<p>1.4 \u00a0\u00a0\u00a0 Beide Starter, die Kiste, alle Flaschen und alle Kronkorken m\u00fcssen die Strecke komplett zur\u00fccklegen.<\/p>\n<p>2.\u00a0\u00a0\u00a0\u00a0\u00a0\u00a0\u00a0 Es sind keine Hilfsmittel, au\u00dfer Handschuhe erlaubt.<\/p>\n<p>3.\u00a0\u00a0\u00a0\u00a0\u00a0\u00a0\u00a0\u00a0Jeder L\u00e4ufer, der Kasten und die Kronkorken werden mit einer Startnummer ausgestattet. Die einzelnen K\u00e4sten d\u00fcrfen nur von den Teilnehmern mit zugeh\u00f6riger Startnummer angefasst werden.<\/p>\n<p>4.\u00a0\u00a0\u00a0\u00a0\u00a0\u00a0\u00a0\u00a0\u00a0Alle Teams starten gleichzeitig.<\/p>\n<p>4.1 \u00a0\u00a0 \u00a0\u00a0 Die Zeit wird gestoppt, wenn beide Bierathleten und der leere Kasten eines Teams die Ziellinie \u00fcberquert haben.<\/p>\n<p>5.\u00a0\u00a0\u00a0\u00a0\u00a0\u00a0\u00a0\u00a0 Lasst eurer Kreativit\u00e4t freien Lauf und denkt euch einen Teamnamen aus.<\/p>\n<p>6.\u00a0\u00a0\u00a0\u00a0\u00a0\u00a0\u00a0\u00a0 Es ist Ehrensache dass, das Bier ausschlie\u00dflich im Magen entleert wird.<\/p>\n<p>&nbsp;<\/p>\n<p>Aus versicherungstechnischen Gr\u00fcnden k\u00f6nnen wir keine Haftung f\u00fcr K\u00f6rper, Geist und Seele \u00fcbernehmen.<\/p><\/div>\n<\/div>\n<\/div>\n<\/section>\n<\/div><\/div><\/div><\/div><div id=\"pgc-610-0-1\"  class=\"panel-grid-cell\" ><div id=\"panel-610-0-1-0\" class=\"so-panel widget widget_black-studio-tinymce widget_black_studio_tinymce panel-first-child\" data-index=\"1\" ><div style=\"text-align: left;\" data-title-color=\"#443f3f\" data-headings-color=\"#443f3f\" class=\"panel-widget-style panel-widget-style-for-610-0-1-0\" ><div class=\"textwidget\"><p><strong>Route Bierathlon 2023:<\/strong><\/p>\n<p><iframe loading=\"lazy\" src=\"https:\/\/www.google.com\/maps\/d\/embed?mid=zxlz4UInGQl8.kCYLL9W9wUww\" width=\"640\" height=\"480\"><\/iframe><\/p>\n<\/div><\/div><\/div><div id=\"panel-610-0-1-1\" class=\"so-panel widget widget_black-studio-tinymce widget_black_studio_tinymce panel-last-child\" data-index=\"2\" ><div style=\"text-align: left;\" data-title-color=\"#443f3f\" data-headings-color=\"#443f3f\" class=\"panel-widget-style panel-widget-style-for-610-0-1-1\" ><div class=\"textwidget\"><p>&nbsp;<\/p>\n<p><strong>Jetzt zum Bierathlon 2023 anmelden:<\/strong><br \/>\n\n<div class=\"wpcf7 no-js\" id=\"wpcf7-f621-o1\" lang=\"de-DE\" dir=\"ltr\">\n<div class=\"screen-reader-response\"><p role=\"status\" aria-live=\"polite\" aria-atomic=\"true\"><\/p> <ul><\/ul><\/div>\n<form action=\"\/index.php\/wp-json\/wp\/v2\/pages\/610#wpcf7-f621-o1\" method=\"post\" class=\"wpcf7-form init\" aria-label=\"Kontaktformular\" novalidate=\"novalidate\" data-status=\"init\">\n<div style=\"display: none;\">\n<input type=\"hidden\" name=\"_wpcf7\" value=\"621\" \/>\n<input type=\"hidden\" name=\"_wpcf7_version\" value=\"5.9.8\" \/>\n<input type=\"hidden\" name=\"_wpcf7_locale\" value=\"de_DE\" \/>\n<input type=\"hidden\" name=\"_wpcf7_unit_tag\" value=\"wpcf7-f621-o1\" \/>\n<input type=\"hidden\" name=\"_wpcf7_container_post\" value=\"0\" \/>\n<input type=\"hidden\" name=\"_wpcf7_posted_data_hash\" value=\"\" \/>\n<\/div>\n<p>Name 1.Teammitglied (Pflichtfeld)\n<\/p>\n<p><span class=\"wpcf7-form-control-wrap\" data-name=\"your-name1\"><input size=\"40\" maxlength=\"400\" class=\"wpcf7-form-control wpcf7-text wpcf7-validates-as-required\" aria-required=\"true\" aria-invalid=\"false\" value=\"\" type=\"text\" name=\"your-name1\" \/><\/span>\n<\/p>\n<p><span id=\"wpcf7-69f3c02c5e6b4-wrapper\" class=\"wpcf7-form-control-wrap website-519-wrap\" style=\"display:none !important; visibility:hidden !important;\"><input type=\"hidden\" name=\"website-519-time-start\" value=\"1777582124\"><input type=\"hidden\" name=\"website-519-time-check\" value=\"4\"><label for=\"wpcf7-69f3c02c5e6b4-field\" class=\"hp-message\">Bitte lasse dieses Feld leer.<\/label><input id=\"wpcf7-69f3c02c5e6b4-field\"  class=\"wpcf7-form-control wpcf7-text\" type=\"text\" name=\"website-519\" value=\"\" size=\"40\" tabindex=\"-1\" autocomplete=\"new-password\" \/><\/span>\n<\/p>\n<p>Name 2.Teammitglied (Pflichtfeld)\n<\/p>\n<p><span class=\"wpcf7-form-control-wrap\" data-name=\"your-name2\"><input size=\"40\" maxlength=\"400\" class=\"wpcf7-form-control wpcf7-text wpcf7-validates-as-required\" aria-required=\"true\" aria-invalid=\"false\" value=\"\" type=\"text\" name=\"your-name2\" \/><\/span>\n<\/p>\n<p>Teamname (Pflichtfeld)\n<\/p>\n<p><span class=\"wpcf7-form-control-wrap\" data-name=\"your-tname\"><input size=\"40\" maxlength=\"400\" class=\"wpcf7-form-control wpcf7-text wpcf7-validates-as-required\" aria-required=\"true\" aria-invalid=\"false\" value=\"\" type=\"text\" name=\"your-tname\" \/><\/span>\n<\/p>\n<p>Bierathlontyp (Pflichtfeld)\n<\/p>\n<p><span class=\"wpcf7-form-control-wrap\" data-name=\"Bierathlontyp\"><span class=\"wpcf7-form-control wpcf7-checkbox wpcf7-validates-as-required\"><span class=\"wpcf7-list-item first\"><label><input type=\"checkbox\" name=\"Bierathlontyp[]\" value=\"Bierathlon Original\" \/><span class=\"wpcf7-list-item-label\">Bierathlon Original<\/span><\/label><\/span><span class=\"wpcf7-list-item last\"><label><input type=\"checkbox\" name=\"Bierathlontyp[]\" value=\"Bierathlon Lite\" \/><span class=\"wpcf7-list-item-label\">Bierathlon Lite<\/span><\/label><\/span><\/span><\/span>\n<\/p>\n<p>E-Mail-Adresse (Pflichtfeld)\n<\/p>\n<p><span class=\"wpcf7-form-control-wrap\" data-name=\"your-email\"><input size=\"40\" maxlength=\"400\" class=\"wpcf7-form-control wpcf7-email wpcf7-validates-as-required wpcf7-text wpcf7-validates-as-email\" aria-required=\"true\" aria-invalid=\"false\" value=\"\" type=\"email\" name=\"your-email\" \/><\/span>\n<\/p>\n<p>evtl. Fragen:\n<\/p>\n<p><span class=\"wpcf7-form-control-wrap\" data-name=\"your-message\"><textarea cols=\"40\" rows=\"10\" maxlength=\"2000\" class=\"wpcf7-form-control wpcf7-textarea\" aria-invalid=\"false\" name=\"your-message\"><\/textarea><\/span>\n<\/p>\n<p><input class=\"wpcf7-form-control wpcf7-submit has-spinner\" type=\"submit\" value=\"Anmelden\" \/>\n<\/p><p style=\"display: none !important;\" class=\"akismet-fields-container\" data-prefix=\"_wpcf7_ak_\"><label>&#916;<textarea name=\"_wpcf7_ak_hp_textarea\" cols=\"45\" rows=\"8\" maxlength=\"100\"><\/textarea><\/label><input type=\"hidden\" id=\"ak_js_1\" name=\"_wpcf7_ak_js\" value=\"182\"\/><script>document.getElementById( \"ak_js_1\" ).setAttribute( \"value\", ( new Date() ).getTime() );<\/script><\/p><div class=\"wpcf7-response-output\" aria-hidden=\"true\"><\/div>\n<\/form>\n<\/div>\n<\/p>\n<p>&nbsp;<\/p>\n<p>Ihre E-Mail-Adresse wird nicht an Dritte weitergegeben und zu keinem anderen Zweck verwendet.<\/p>\n<p>Weitere Informationen finden Sie in unserer\u00a0<a title=\"Datenschutzerkl\u00e4rung\" href=\"https:\/\/kirmesburschen-beuren.de\/index.php\/info\/impressum\/\">Datenschutzerkl\u00e4rung<\/a>.<\/p>\n<\/div><\/div><\/div><\/div><\/div><\/div><\/div>","protected":false},"excerpt":{"rendered":"<p>Wir freuen uns, dass wir dieses Jahr wieder einen Bierathlon veranstalten k\u00f6nnen. [&hellip;]<\/p>\n<div class=\"shariff shariff-align-flex-start shariff-widget-align-flex-start\" style=\"display:none\" data-services=\"facebook\" data-url=\"https%3A%2F%2Fkirmesburschen-beuren.de%2Findex.php%2Fbierathlon-2%2F\" data-timestamp=\"1690829303\" data-hidezero=\"1\" data-backendurl=\"https:\/\/kirmesburschen-beuren.de\/wp-json\/shariff\/v1\/share_counts?\"><ul class=\"shariff-buttons theme-default orientation-horizontal buttonsize-medium\"><li class=\"shariff-button facebook shariff-nocustomcolor\" style=\"background-color:#4273c8\"><a href=\"https:\/\/www.facebook.com\/sharer\/sharer.php?u=https%3A%2F%2Fkirmesburschen-beuren.de%2Findex.php%2Fbierathlon-2%2F\" title=\"Bei Facebook teilen\" aria-label=\"Bei Facebook teilen\" role=\"button\" rel=\"nofollow\" class=\"shariff-link\" style=\"; background-color:#3b5998; color:#fff\" target=\"_blank\"><span class=\"shariff-icon\" style=\"\"><svg width=\"32px\" height=\"20px\" xmlns=\"http:\/\/www.w3.org\/2000\/svg\" viewBox=\"0 0 18 32\"><path fill=\"#3b5998\" d=\"M17.1 0.2v4.7h-2.8q-1.5 0-2.1 0.6t-0.5 1.9v3.4h5.2l-0.7 5.3h-4.5v13.6h-5.5v-13.6h-4.5v-5.3h4.5v-3.9q0-3.3 1.9-5.2t5-1.8q2.6 0 4.1 0.2z\"\/><\/svg><\/span><span class=\"shariff-text\">teilen<\/span>&nbsp;<span data-service=\"facebook\" style=\"color:#3b5998\" class=\"shariff-count shariff-hidezero\"><\/span>&nbsp;<\/a><\/li><li class=\"shariff-button whatsapp shariff-nocustomcolor\" style=\"background-color:#5cbe4a\"><a href=\"https:\/\/api.whatsapp.com\/send?text=https%3A%2F%2Fkirmesburschen-beuren.de%2Findex.php%2Fbierathlon-2%2F%20Bierathlon\" title=\"Bei Whatsapp teilen\" aria-label=\"Bei Whatsapp teilen\" role=\"button\" rel=\"noopener nofollow\" class=\"shariff-link\" style=\"; background-color:#34af23; color:#fff\" target=\"_blank\"><span class=\"shariff-icon\" style=\"\"><svg width=\"32px\" height=\"20px\" xmlns=\"http:\/\/www.w3.org\/2000\/svg\" viewBox=\"0 0 32 32\"><path fill=\"#34af23\" d=\"M17.6 17.4q0.2 0 1.7 0.8t1.6 0.9q0 0.1 0 0.3 0 0.6-0.3 1.4-0.3 0.7-1.3 1.2t-1.8 0.5q-1 0-3.4-1.1-1.7-0.8-3-2.1t-2.6-3.3q-1.3-1.9-1.3-3.5v-0.1q0.1-1.6 1.3-2.8 0.4-0.4 0.9-0.4 0.1 0 0.3 0t0.3 0q0.3 0 0.5 0.1t0.3 0.5q0.1 0.4 0.6 1.6t0.4 1.3q0 0.4-0.6 1t-0.6 0.8q0 0.1 0.1 0.3 0.6 1.3 1.8 2.4 1 0.9 2.7 1.8 0.2 0.1 0.4 0.1 0.3 0 1-0.9t0.9-0.9zM14 26.9q2.3 0 4.3-0.9t3.6-2.4 2.4-3.6 0.9-4.3-0.9-4.3-2.4-3.6-3.6-2.4-4.3-0.9-4.3 0.9-3.6 2.4-2.4 3.6-0.9 4.3q0 3.6 2.1 6.6l-1.4 4.2 4.3-1.4q2.8 1.9 6.2 1.9zM14 2.2q2.7 0 5.2 1.1t4.3 2.9 2.9 4.3 1.1 5.2-1.1 5.2-2.9 4.3-4.3 2.9-5.2 1.1q-3.5 0-6.5-1.7l-7.4 2.4 2.4-7.2q-1.9-3.2-1.9-6.9 0-2.7 1.1-5.2t2.9-4.3 4.3-2.9 5.2-1.1z\"\/><\/svg><\/span><span class=\"shariff-text\">teilen<\/span>&nbsp;<\/a><\/li><\/ul><\/div>","protected":false},"author":2,"featured_media":0,"parent":0,"menu_order":0,"comment_status":"closed","ping_status":"closed","template":"","meta":{"_exactmetrics_skip_tracking":false,"_exactmetrics_sitenote_active":false,"_exactmetrics_sitenote_note":"","_exactmetrics_sitenote_category":0,"jetpack_post_was_ever_published":false,"footnotes":""},"class_list":["post-610","page","type-page","status-publish","hentry"],"yoast_head":"<!-- This site is optimized with the Yoast SEO plugin v23.4 - https:\/\/yoast.com\/wordpress\/plugins\/seo\/ -->\n<title>Bierathlon - kirmesburschen-beuren.de<\/title>\n<meta name=\"description\" content=\"alles zum Bierathlon 2016 in Beuren\" \/>\n<meta name=\"robots\" content=\"index, follow, max-snippet:-1, max-image-preview:large, max-video-preview:-1\" \/>\n<link rel=\"canonical\" href=\"https:\/\/kirmesburschen-beuren.de\/index.php\/bierathlon-2\/\" \/>\n<meta name=\"twitter:label1\" content=\"Gesch\u00e4tzte Lesezeit\" \/>\n\t<meta name=\"twitter:data1\" content=\"3\u00a0Minuten\" \/>\n<script type=\"application\/ld+json\" class=\"yoast-schema-graph\">{\"@context\":\"https:\/\/schema.org\",\"@graph\":[{\"@type\":\"WebPage\",\"@id\":\"https:\/\/kirmesburschen-beuren.de\/index.php\/bierathlon-2\/\",\"url\":\"https:\/\/kirmesburschen-beuren.de\/index.php\/bierathlon-2\/\",\"name\":\"Bierathlon - kirmesburschen-beuren.de\",\"isPartOf\":{\"@id\":\"https:\/\/kirmesburschen-beuren.de\/#website\"},\"datePublished\":\"2015-05-31T18:42:31+00:00\",\"dateModified\":\"2023-07-31T16:48:23+00:00\",\"description\":\"alles zum Bierathlon 2016 in Beuren\",\"breadcrumb\":{\"@id\":\"https:\/\/kirmesburschen-beuren.de\/index.php\/bierathlon-2\/#breadcrumb\"},\"inLanguage\":\"de\",\"potentialAction\":[{\"@type\":\"ReadAction\",\"target\":[\"https:\/\/kirmesburschen-beuren.de\/index.php\/bierathlon-2\/\"]}]},{\"@type\":\"BreadcrumbList\",\"@id\":\"https:\/\/kirmesburschen-beuren.de\/index.php\/bierathlon-2\/#breadcrumb\",\"itemListElement\":[{\"@type\":\"ListItem\",\"position\":1,\"name\":\"Home\",\"item\":\"https:\/\/kirmesburschen-beuren.de\/\"},{\"@type\":\"ListItem\",\"position\":2,\"name\":\"Bierathlon\"}]},{\"@type\":\"WebSite\",\"@id\":\"https:\/\/kirmesburschen-beuren.de\/#website\",\"url\":\"https:\/\/kirmesburschen-beuren.de\/\",\"name\":\"kirmesburschen-beuren.de\",\"description\":\"- Tradition seit 1876 -\",\"potentialAction\":[{\"@type\":\"SearchAction\",\"target\":{\"@type\":\"EntryPoint\",\"urlTemplate\":\"https:\/\/kirmesburschen-beuren.de\/?s={search_term_string}\"},\"query-input\":{\"@type\":\"PropertyValueSpecification\",\"valueRequired\":true,\"valueName\":\"search_term_string\"}}],\"inLanguage\":\"de\"}]}<\/script>\n<!-- \/ Yoast SEO plugin. -->","yoast_head_json":{"title":"Bierathlon - kirmesburschen-beuren.de","description":"alles zum Bierathlon 2016 in Beuren","robots":{"index":"index","follow":"follow","max-snippet":"max-snippet:-1","max-image-preview":"max-image-preview:large","max-video-preview":"max-video-preview:-1"},"canonical":"https:\/\/kirmesburschen-beuren.de\/index.php\/bierathlon-2\/","twitter_misc":{"Gesch\u00e4tzte Lesezeit":"3\u00a0Minuten"},"schema":{"@context":"https:\/\/schema.org","@graph":[{"@type":"WebPage","@id":"https:\/\/kirmesburschen-beuren.de\/index.php\/bierathlon-2\/","url":"https:\/\/kirmesburschen-beuren.de\/index.php\/bierathlon-2\/","name":"Bierathlon - kirmesburschen-beuren.de","isPartOf":{"@id":"https:\/\/kirmesburschen-beuren.de\/#website"},"datePublished":"2015-05-31T18:42:31+00:00","dateModified":"2023-07-31T16:48:23+00:00","description":"alles zum Bierathlon 2016 in Beuren","breadcrumb":{"@id":"https:\/\/kirmesburschen-beuren.de\/index.php\/bierathlon-2\/#breadcrumb"},"inLanguage":"de","potentialAction":[{"@type":"ReadAction","target":["https:\/\/kirmesburschen-beuren.de\/index.php\/bierathlon-2\/"]}]},{"@type":"BreadcrumbList","@id":"https:\/\/kirmesburschen-beuren.de\/index.php\/bierathlon-2\/#breadcrumb","itemListElement":[{"@type":"ListItem","position":1,"name":"Home","item":"https:\/\/kirmesburschen-beuren.de\/"},{"@type":"ListItem","position":2,"name":"Bierathlon"}]},{"@type":"WebSite","@id":"https:\/\/kirmesburschen-beuren.de\/#website","url":"https:\/\/kirmesburschen-beuren.de\/","name":"kirmesburschen-beuren.de","description":"- Tradition seit 1876 -","potentialAction":[{"@type":"SearchAction","target":{"@type":"EntryPoint","urlTemplate":"https:\/\/kirmesburschen-beuren.de\/?s={search_term_string}"},"query-input":{"@type":"PropertyValueSpecification","valueRequired":true,"valueName":"search_term_string"}}],"inLanguage":"de"}]}},"jetpack_sharing_enabled":true,"jetpack_shortlink":"https:\/\/wp.me\/P69aUx-9Q","_links":{"self":[{"href":"https:\/\/kirmesburschen-beuren.de\/index.php\/wp-json\/wp\/v2\/pages\/610"}],"collection":[{"href":"https:\/\/kirmesburschen-beuren.de\/index.php\/wp-json\/wp\/v2\/pages"}],"about":[{"href":"https:\/\/kirmesburschen-beuren.de\/index.php\/wp-json\/wp\/v2\/types\/page"}],"author":[{"embeddable":true,"href":"https:\/\/kirmesburschen-beuren.de\/index.php\/wp-json\/wp\/v2\/users\/2"}],"replies":[{"embeddable":true,"href":"https:\/\/kirmesburschen-beuren.de\/index.php\/wp-json\/wp\/v2\/comments?post=610"}],"version-history":[{"count":50,"href":"https:\/\/kirmesburschen-beuren.de\/index.php\/wp-json\/wp\/v2\/pages\/610\/revisions"}],"predecessor-version":[{"id":2394,"href":"https:\/\/kirmesburschen-beuren.de\/index.php\/wp-json\/wp\/v2\/pages\/610\/revisions\/2394"}],"wp:attachment":[{"href":"https:\/\/kirmesburschen-beuren.de\/index.php\/wp-json\/wp\/v2\/media?parent=610"}],"curies":[{"name":"wp","href":"https:\/\/api.w.org\/{rel}","templated":true}]}}