{"id":24,"date":"2015-03-28T17:52:03","date_gmt":"2015-03-28T16:52:03","guid":{"rendered":"http:\/\/wordpress.euve75815.serverprofi24.de\/?page_id=24"},"modified":"2016-11-28T15:21:53","modified_gmt":"2016-11-28T14:21:53","slug":"chronologische-geschichte","status":"publish","type":"page","link":"https:\/\/kirmesburschen-beuren.de\/index.php\/verein\/chronologische-geschichte\/","title":{"rendered":"Chronologische Geschichte"},"content":{"rendered":"<p>&nbsp;<\/p>\n<figure id=\"attachment_1027\" aria-describedby=\"caption-attachment-1027\" style=\"width: 800px\" class=\"wp-caption aligncenter\"><img data-recalc-dims=\"1\" loading=\"lazy\" decoding=\"async\" class=\"size-full wp-image-1027\" src=\"https:\/\/i0.wp.com\/kirmesburschen-beuren.de\/wp-content\/uploads\/2015\/03\/Abholung-des-Hammels-1946_erste-Nachkriegskirmes.jpg?resize=800%2C440&#038;ssl=1\" alt=\"erste Nachkriegskirmes 1946 - Abholung des Hammels \" width=\"800\" height=\"440\" srcset=\"https:\/\/i0.wp.com\/kirmesburschen-beuren.de\/wp-content\/uploads\/2015\/03\/Abholung-des-Hammels-1946_erste-Nachkriegskirmes.jpg?w=800&amp;ssl=1 800w, https:\/\/i0.wp.com\/kirmesburschen-beuren.de\/wp-content\/uploads\/2015\/03\/Abholung-des-Hammels-1946_erste-Nachkriegskirmes.jpg?resize=300%2C165&amp;ssl=1 300w, https:\/\/i0.wp.com\/kirmesburschen-beuren.de\/wp-content\/uploads\/2015\/03\/Abholung-des-Hammels-1946_erste-Nachkriegskirmes.jpg?resize=768%2C422&amp;ssl=1 768w, https:\/\/i0.wp.com\/kirmesburschen-beuren.de\/wp-content\/uploads\/2015\/03\/Abholung-des-Hammels-1946_erste-Nachkriegskirmes.jpg?resize=230%2C127&amp;ssl=1 230w, https:\/\/i0.wp.com\/kirmesburschen-beuren.de\/wp-content\/uploads\/2015\/03\/Abholung-des-Hammels-1946_erste-Nachkriegskirmes.jpg?resize=350%2C193&amp;ssl=1 350w\" sizes=\"(max-width: 800px) 100vw, 800px\" \/><figcaption id=\"caption-attachment-1027\" class=\"wp-caption-text\">erste Nachkriegskirmes 1946 &#8211; Abholung des Hammels<\/figcaption><\/figure>\n<p>1876: Erstmaliges Feiern der Gro\u00dfen Kirmes i.d. noch heutigen Grundtradition<\/p>\n<p>um 1930:Feiern der Gro\u00dfen Kirmes als Pr\u00e4sentation dieser Zeit<\/p>\n<p>1946: Erste Nachkriegskirmes unter sowjetischer Besatzungsmacht, getarnt als FDJ-Veranstaltung<\/p>\n<figure id=\"attachment_1033\" aria-describedby=\"caption-attachment-1033\" style=\"width: 800px\" class=\"wp-caption aligncenter\"><img data-recalc-dims=\"1\" loading=\"lazy\" decoding=\"async\" class=\"size-full wp-image-1033\" src=\"https:\/\/i0.wp.com\/kirmesburschen-beuren.de\/wp-content\/uploads\/2015\/03\/1955.jpg?resize=800%2C529&#038;ssl=1\" alt=\"Kirmes 1955\" width=\"800\" height=\"529\" srcset=\"https:\/\/i0.wp.com\/kirmesburschen-beuren.de\/wp-content\/uploads\/2015\/03\/1955.jpg?w=800&amp;ssl=1 800w, https:\/\/i0.wp.com\/kirmesburschen-beuren.de\/wp-content\/uploads\/2015\/03\/1955.jpg?resize=300%2C198&amp;ssl=1 300w, https:\/\/i0.wp.com\/kirmesburschen-beuren.de\/wp-content\/uploads\/2015\/03\/1955.jpg?resize=768%2C508&amp;ssl=1 768w, https:\/\/i0.wp.com\/kirmesburschen-beuren.de\/wp-content\/uploads\/2015\/03\/1955.jpg?resize=230%2C152&amp;ssl=1 230w, https:\/\/i0.wp.com\/kirmesburschen-beuren.de\/wp-content\/uploads\/2015\/03\/1955.jpg?resize=350%2C231&amp;ssl=1 350w\" sizes=\"(max-width: 800px) 100vw, 800px\" \/><figcaption id=\"caption-attachment-1033\" class=\"wp-caption-text\">Kirmes 1955<\/figcaption><\/figure>\n<p>ab 1947: Feiern der Gro\u00dfen Kirmes in den Folgejahren im Rahmen des sogenannten Dorfclubs<\/p>\n<p>1976: 100 Jahre Gro\u00dfe Kirmes<\/p>\n<figure id=\"attachment_1029\" aria-describedby=\"caption-attachment-1029\" style=\"width: 800px\" class=\"wp-caption aligncenter\"><img data-recalc-dims=\"1\" loading=\"lazy\" decoding=\"async\" class=\"size-full wp-image-1029\" src=\"https:\/\/i0.wp.com\/kirmesburschen-beuren.de\/wp-content\/uploads\/2015\/03\/1976-100-Jahre-Kirmes.jpg?resize=800%2C444&#038;ssl=1\" alt=\"1976 - 100 Jahre Kirmes in Beuren \" width=\"800\" height=\"444\" srcset=\"https:\/\/i0.wp.com\/kirmesburschen-beuren.de\/wp-content\/uploads\/2015\/03\/1976-100-Jahre-Kirmes.jpg?w=800&amp;ssl=1 800w, https:\/\/i0.wp.com\/kirmesburschen-beuren.de\/wp-content\/uploads\/2015\/03\/1976-100-Jahre-Kirmes.jpg?resize=300%2C167&amp;ssl=1 300w, https:\/\/i0.wp.com\/kirmesburschen-beuren.de\/wp-content\/uploads\/2015\/03\/1976-100-Jahre-Kirmes.jpg?resize=768%2C426&amp;ssl=1 768w, https:\/\/i0.wp.com\/kirmesburschen-beuren.de\/wp-content\/uploads\/2015\/03\/1976-100-Jahre-Kirmes.jpg?resize=230%2C128&amp;ssl=1 230w, https:\/\/i0.wp.com\/kirmesburschen-beuren.de\/wp-content\/uploads\/2015\/03\/1976-100-Jahre-Kirmes.jpg?resize=350%2C194&amp;ssl=1 350w\" sizes=\"(max-width: 800px) 100vw, 800px\" \/><figcaption id=\"caption-attachment-1029\" class=\"wp-caption-text\">1976 &#8211; 100 Jahre Kirmes in Beuren<\/figcaption><\/figure>\n<p>1989:Gro\u00dfe Kirmes mit Lichterketten auf der Mittellinie der B 80 und anschlie\u00dfendem Verh\u00f6r und Einsch\u00fcchterungen durch die Stasi<\/p>\n<p>1990: Gro\u00dfe Kirmes im vereinten Deutschland<\/p>\n<p>1991: Gro\u00dfe Kirmes mit Einweihung des Angers und Pflanzen der Angerlinde<\/p>\n<figure id=\"attachment_1028\" aria-describedby=\"caption-attachment-1028\" style=\"width: 384px\" class=\"wp-caption aligncenter\"><img data-recalc-dims=\"1\" loading=\"lazy\" decoding=\"async\" class=\"size-full wp-image-1028\" src=\"https:\/\/i0.wp.com\/kirmesburschen-beuren.de\/wp-content\/uploads\/2015\/03\/1991-pflanzen-der-Angerlinde.jpg?resize=384%2C600&#038;ssl=1\" alt=\"Pflanzen der Angerlinde 1991\" width=\"384\" height=\"600\" srcset=\"https:\/\/i0.wp.com\/kirmesburschen-beuren.de\/wp-content\/uploads\/2015\/03\/1991-pflanzen-der-Angerlinde.jpg?w=384&amp;ssl=1 384w, https:\/\/i0.wp.com\/kirmesburschen-beuren.de\/wp-content\/uploads\/2015\/03\/1991-pflanzen-der-Angerlinde.jpg?resize=192%2C300&amp;ssl=1 192w, https:\/\/i0.wp.com\/kirmesburschen-beuren.de\/wp-content\/uploads\/2015\/03\/1991-pflanzen-der-Angerlinde.jpg?resize=230%2C359&amp;ssl=1 230w, https:\/\/i0.wp.com\/kirmesburschen-beuren.de\/wp-content\/uploads\/2015\/03\/1991-pflanzen-der-Angerlinde.jpg?resize=350%2C547&amp;ssl=1 350w\" sizes=\"(max-width: 384px) 100vw, 384px\" \/><figcaption id=\"caption-attachment-1028\" class=\"wp-caption-text\">Pflanzen der Angerlinde 1991<\/figcaption><\/figure>\n<p>1994: Gro\u00dfe Kirmes und Einweihung der Freifl\u00e4chen Hirttor, Beuertor und Burgtor und das Pflanzen einer \u201cJugendlinde\u201d<\/p>\n<p>1995: Gro\u00dfe Kirmes und Einweihung des neugestalteten Marktplatzes<\/p>\n<p>1996: 120 Jahre Gro\u00dfe Kirmes, gefeiert als die bisher gr\u00f6\u00dfte Kirmes<\/p>\n<p>1997: Gro\u00dfe Kirmes und erstmaliges Hissen der Gemeindeflagge<\/p>\n<p>1998: Gro\u00dfe Kirmes und Ver\u00f6ffentlichen der Urkunde, die belegt,da\u00df vor 760 Jahren im Jahre 1238 Beuren als Marktort genannt wurde<\/p>\n<p>1999: Gro\u00dfe Kirmes mit Jubil\u00e4um \u201e70 Jahre Wasserleitung\u201dund Ausschank von \u201eBiersches Bornwasser\u201d<\/p>\n<p>2000: Gro\u00dfe Kirmes und Enth\u00fcllen des aufgestellten Grenzsteines\u201eS. BE\u00dcREN\u201d aus dem Heiligenberg auf dem Marktplatz als letzte steinerne Urkunde \u00fcber Stadt Beuren von 1713<\/p>\n<p>2001: 125 Jahre Gro\u00dfe Kirmes, gefeiert als die bisher gr\u00f6\u00dfte Kirmes<\/p>\n<p>2006: 130 Jahre Gro\u00dfe Kirmes, mit der Beteiligung der Altburschen vergangender Jahre<\/p>\n<p>2011: Feiern der 135. Gro\u00dfen Kirmes mit Beteiligung von \u00fcber 64 aktiven Kirmesburschen und Altburschen<\/p>\n<p>&nbsp;<\/p>\n<p>Auszug und Bildmaterial aus:<\/p>\n<p>875 Jahre Beuren &#8211; Beitr\u00e4ge zur Geschichte eines Dorfes im Eichsfeld von 1128 &#8211; 2003, Auflage 2003, ISBN: 3-936617-14-7, Seite \u00a0362-366<\/p>\n<div class=\"shariff shariff-align-flex-start shariff-widget-align-flex-start\" style=\"display:none\" data-services=\"facebook\" data-url=\"https%3A%2F%2Fkirmesburschen-beuren.de%2Findex.php%2Fverein%2Fchronologische-geschichte%2F\" data-timestamp=\"1480346513\" data-hidezero=\"1\" data-backendurl=\"https:\/\/kirmesburschen-beuren.de\/wp-json\/shariff\/v1\/share_counts?\"><ul class=\"shariff-buttons theme-default orientation-horizontal buttonsize-medium\"><li class=\"shariff-button facebook shariff-nocustomcolor\" style=\"background-color:#4273c8\"><a href=\"https:\/\/www.facebook.com\/sharer\/sharer.php?u=https%3A%2F%2Fkirmesburschen-beuren.de%2Findex.php%2Fverein%2Fchronologische-geschichte%2F\" title=\"Bei Facebook teilen\" aria-label=\"Bei Facebook teilen\" role=\"button\" rel=\"nofollow\" class=\"shariff-link\" style=\"; background-color:#3b5998; color:#fff\" target=\"_blank\"><span class=\"shariff-icon\" style=\"\"><svg width=\"32px\" height=\"20px\" xmlns=\"http:\/\/www.w3.org\/2000\/svg\" viewBox=\"0 0 18 32\"><path fill=\"#3b5998\" d=\"M17.1 0.2v4.7h-2.8q-1.5 0-2.1 0.6t-0.5 1.9v3.4h5.2l-0.7 5.3h-4.5v13.6h-5.5v-13.6h-4.5v-5.3h4.5v-3.9q0-3.3 1.9-5.2t5-1.8q2.6 0 4.1 0.2z\"\/><\/svg><\/span><span class=\"shariff-text\">teilen<\/span>&nbsp;<span data-service=\"facebook\" style=\"color:#3b5998\" class=\"shariff-count shariff-hidezero\"><\/span>&nbsp;<\/a><\/li><li class=\"shariff-button whatsapp shariff-nocustomcolor\" style=\"background-color:#5cbe4a\"><a href=\"https:\/\/api.whatsapp.com\/send?text=https%3A%2F%2Fkirmesburschen-beuren.de%2Findex.php%2Fverein%2Fchronologische-geschichte%2F%20Chronologische%20Geschichte\" title=\"Bei Whatsapp teilen\" aria-label=\"Bei Whatsapp teilen\" role=\"button\" rel=\"noopener nofollow\" class=\"shariff-link\" style=\"; background-color:#34af23; color:#fff\" target=\"_blank\"><span class=\"shariff-icon\" style=\"\"><svg width=\"32px\" height=\"20px\" xmlns=\"http:\/\/www.w3.org\/2000\/svg\" viewBox=\"0 0 32 32\"><path fill=\"#34af23\" d=\"M17.6 17.4q0.2 0 1.7 0.8t1.6 0.9q0 0.1 0 0.3 0 0.6-0.3 1.4-0.3 0.7-1.3 1.2t-1.8 0.5q-1 0-3.4-1.1-1.7-0.8-3-2.1t-2.6-3.3q-1.3-1.9-1.3-3.5v-0.1q0.1-1.6 1.3-2.8 0.4-0.4 0.9-0.4 0.1 0 0.3 0t0.3 0q0.3 0 0.5 0.1t0.3 0.5q0.1 0.4 0.6 1.6t0.4 1.3q0 0.4-0.6 1t-0.6 0.8q0 0.1 0.1 0.3 0.6 1.3 1.8 2.4 1 0.9 2.7 1.8 0.2 0.1 0.4 0.1 0.3 0 1-0.9t0.9-0.9zM14 26.9q2.3 0 4.3-0.9t3.6-2.4 2.4-3.6 0.9-4.3-0.9-4.3-2.4-3.6-3.6-2.4-4.3-0.9-4.3 0.9-3.6 2.4-2.4 3.6-0.9 4.3q0 3.6 2.1 6.6l-1.4 4.2 4.3-1.4q2.8 1.9 6.2 1.9zM14 2.2q2.7 0 5.2 1.1t4.3 2.9 2.9 4.3 1.1 5.2-1.1 5.2-2.9 4.3-4.3 2.9-5.2 1.1q-3.5 0-6.5-1.7l-7.4 2.4 2.4-7.2q-1.9-3.2-1.9-6.9 0-2.7 1.1-5.2t2.9-4.3 4.3-2.9 5.2-1.1z\"\/><\/svg><\/span><span class=\"shariff-text\">teilen<\/span>&nbsp;<\/a><\/li><\/ul><\/div>","protected":false},"excerpt":{"rendered":"<p>&nbsp; 1876: Erstmaliges Feiern der Gro\u00dfen Kirmes i.d. noch heutigen Grundtradition um [&hellip;]<\/p>\n<div class=\"shariff shariff-align-flex-start shariff-widget-align-flex-start\" style=\"display:none\" data-services=\"facebook\" data-url=\"https%3A%2F%2Fkirmesburschen-beuren.de%2Findex.php%2Fverein%2Fchronologische-geschichte%2F\" data-timestamp=\"1480346513\" data-hidezero=\"1\" data-backendurl=\"https:\/\/kirmesburschen-beuren.de\/wp-json\/shariff\/v1\/share_counts?\"><ul class=\"shariff-buttons theme-default orientation-horizontal buttonsize-medium\"><li class=\"shariff-button facebook shariff-nocustomcolor\" style=\"background-color:#4273c8\"><a href=\"https:\/\/www.facebook.com\/sharer\/sharer.php?u=https%3A%2F%2Fkirmesburschen-beuren.de%2Findex.php%2Fverein%2Fchronologische-geschichte%2F\" title=\"Bei Facebook teilen\" aria-label=\"Bei Facebook teilen\" role=\"button\" rel=\"nofollow\" class=\"shariff-link\" style=\"; background-color:#3b5998; color:#fff\" target=\"_blank\"><span class=\"shariff-icon\" style=\"\"><svg width=\"32px\" height=\"20px\" xmlns=\"http:\/\/www.w3.org\/2000\/svg\" viewBox=\"0 0 18 32\"><path fill=\"#3b5998\" d=\"M17.1 0.2v4.7h-2.8q-1.5 0-2.1 0.6t-0.5 1.9v3.4h5.2l-0.7 5.3h-4.5v13.6h-5.5v-13.6h-4.5v-5.3h4.5v-3.9q0-3.3 1.9-5.2t5-1.8q2.6 0 4.1 0.2z\"\/><\/svg><\/span><span class=\"shariff-text\">teilen<\/span>&nbsp;<span data-service=\"facebook\" style=\"color:#3b5998\" class=\"shariff-count shariff-hidezero\"><\/span>&nbsp;<\/a><\/li><li class=\"shariff-button whatsapp shariff-nocustomcolor\" style=\"background-color:#5cbe4a\"><a href=\"https:\/\/api.whatsapp.com\/send?text=https%3A%2F%2Fkirmesburschen-beuren.de%2Findex.php%2Fverein%2Fchronologische-geschichte%2F%20Chronologische%20Geschichte\" title=\"Bei Whatsapp teilen\" aria-label=\"Bei Whatsapp teilen\" role=\"button\" rel=\"noopener nofollow\" class=\"shariff-link\" style=\"; background-color:#34af23; color:#fff\" target=\"_blank\"><span class=\"shariff-icon\" style=\"\"><svg width=\"32px\" height=\"20px\" xmlns=\"http:\/\/www.w3.org\/2000\/svg\" viewBox=\"0 0 32 32\"><path fill=\"#34af23\" d=\"M17.6 17.4q0.2 0 1.7 0.8t1.6 0.9q0 0.1 0 0.3 0 0.6-0.3 1.4-0.3 0.7-1.3 1.2t-1.8 0.5q-1 0-3.4-1.1-1.7-0.8-3-2.1t-2.6-3.3q-1.3-1.9-1.3-3.5v-0.1q0.1-1.6 1.3-2.8 0.4-0.4 0.9-0.4 0.1 0 0.3 0t0.3 0q0.3 0 0.5 0.1t0.3 0.5q0.1 0.4 0.6 1.6t0.4 1.3q0 0.4-0.6 1t-0.6 0.8q0 0.1 0.1 0.3 0.6 1.3 1.8 2.4 1 0.9 2.7 1.8 0.2 0.1 0.4 0.1 0.3 0 1-0.9t0.9-0.9zM14 26.9q2.3 0 4.3-0.9t3.6-2.4 2.4-3.6 0.9-4.3-0.9-4.3-2.4-3.6-3.6-2.4-4.3-0.9-4.3 0.9-3.6 2.4-2.4 3.6-0.9 4.3q0 3.6 2.1 6.6l-1.4 4.2 4.3-1.4q2.8 1.9 6.2 1.9zM14 2.2q2.7 0 5.2 1.1t4.3 2.9 2.9 4.3 1.1 5.2-1.1 5.2-2.9 4.3-4.3 2.9-5.2 1.1q-3.5 0-6.5-1.7l-7.4 2.4 2.4-7.2q-1.9-3.2-1.9-6.9 0-2.7 1.1-5.2t2.9-4.3 4.3-2.9 5.2-1.1z\"\/><\/svg><\/span><span class=\"shariff-text\">teilen<\/span>&nbsp;<\/a><\/li><\/ul><\/div>","protected":false},"author":2,"featured_media":0,"parent":19,"menu_order":2,"comment_status":"closed","ping_status":"closed","template":"","meta":{"_exactmetrics_skip_tracking":false,"_exactmetrics_sitenote_active":false,"_exactmetrics_sitenote_note":"","_exactmetrics_sitenote_category":0,"jetpack_post_was_ever_published":false,"footnotes":""},"class_list":["post-24","page","type-page","status-publish","hentry"],"yoast_head":"<!-- This site is optimized with the Yoast SEO plugin v23.4 - https:\/\/yoast.com\/wordpress\/plugins\/seo\/ -->\n<title>chronol. Geschichte | Kirmesburschenverein Beuren<\/title>\n<meta name=\"description\" content=\"die chronologische Geschichte des Kirmesburschenverein Beuren e.V. Von den Anf\u00e4ngen bis Heute.\" \/>\n<meta name=\"robots\" content=\"index, follow, max-snippet:-1, max-image-preview:large, max-video-preview:-1\" \/>\n<link rel=\"canonical\" href=\"https:\/\/kirmesburschen-beuren.de\/index.php\/verein\/chronologische-geschichte\/\" \/>\n<meta name=\"twitter:label1\" content=\"Gesch\u00e4tzte Lesezeit\" \/>\n\t<meta name=\"twitter:data1\" content=\"1\u00a0Minute\" \/>\n<script type=\"application\/ld+json\" class=\"yoast-schema-graph\">{\"@context\":\"https:\/\/schema.org\",\"@graph\":[{\"@type\":\"WebPage\",\"@id\":\"https:\/\/kirmesburschen-beuren.de\/index.php\/verein\/chronologische-geschichte\/\",\"url\":\"https:\/\/kirmesburschen-beuren.de\/index.php\/verein\/chronologische-geschichte\/\",\"name\":\"chronol. Geschichte | Kirmesburschenverein Beuren\",\"isPartOf\":{\"@id\":\"https:\/\/kirmesburschen-beuren.de\/#website\"},\"primaryImageOfPage\":{\"@id\":\"https:\/\/kirmesburschen-beuren.de\/index.php\/verein\/chronologische-geschichte\/#primaryimage\"},\"image\":{\"@id\":\"https:\/\/kirmesburschen-beuren.de\/index.php\/verein\/chronologische-geschichte\/#primaryimage\"},\"thumbnailUrl\":\"https:\/\/kirmesburschen-beuren.de\/wp-content\/uploads\/2015\/03\/Abholung-des-Hammels-1946_erste-Nachkriegskirmes.jpg\",\"datePublished\":\"2015-03-28T16:52:03+00:00\",\"dateModified\":\"2016-11-28T14:21:53+00:00\",\"description\":\"die chronologische Geschichte des Kirmesburschenverein Beuren e.V. Von den Anf\u00e4ngen bis Heute.\",\"breadcrumb\":{\"@id\":\"https:\/\/kirmesburschen-beuren.de\/index.php\/verein\/chronologische-geschichte\/#breadcrumb\"},\"inLanguage\":\"de\",\"potentialAction\":[{\"@type\":\"ReadAction\",\"target\":[\"https:\/\/kirmesburschen-beuren.de\/index.php\/verein\/chronologische-geschichte\/\"]}]},{\"@type\":\"ImageObject\",\"inLanguage\":\"de\",\"@id\":\"https:\/\/kirmesburschen-beuren.de\/index.php\/verein\/chronologische-geschichte\/#primaryimage\",\"url\":\"https:\/\/i0.wp.com\/kirmesburschen-beuren.de\/wp-content\/uploads\/2015\/03\/Abholung-des-Hammels-1946_erste-Nachkriegskirmes.jpg?fit=800%2C440&ssl=1\",\"contentUrl\":\"https:\/\/i0.wp.com\/kirmesburschen-beuren.de\/wp-content\/uploads\/2015\/03\/Abholung-des-Hammels-1946_erste-Nachkriegskirmes.jpg?fit=800%2C440&ssl=1\",\"width\":800,\"height\":440,\"caption\":\"erste Nachkriegskirmes 1946 - Abholung des Hammels\"},{\"@type\":\"BreadcrumbList\",\"@id\":\"https:\/\/kirmesburschen-beuren.de\/index.php\/verein\/chronologische-geschichte\/#breadcrumb\",\"itemListElement\":[{\"@type\":\"ListItem\",\"position\":1,\"name\":\"Home\",\"item\":\"https:\/\/kirmesburschen-beuren.de\/\"},{\"@type\":\"ListItem\",\"position\":2,\"name\":\"Verein\",\"item\":\"https:\/\/kirmesburschen-beuren.de\/index.php\/verein\/\"},{\"@type\":\"ListItem\",\"position\":3,\"name\":\"Chronologische Geschichte\"}]},{\"@type\":\"WebSite\",\"@id\":\"https:\/\/kirmesburschen-beuren.de\/#website\",\"url\":\"https:\/\/kirmesburschen-beuren.de\/\",\"name\":\"kirmesburschen-beuren.de\",\"description\":\"- Tradition seit 1876 -\",\"potentialAction\":[{\"@type\":\"SearchAction\",\"target\":{\"@type\":\"EntryPoint\",\"urlTemplate\":\"https:\/\/kirmesburschen-beuren.de\/?s={search_term_string}\"},\"query-input\":{\"@type\":\"PropertyValueSpecification\",\"valueRequired\":true,\"valueName\":\"search_term_string\"}}],\"inLanguage\":\"de\"}]}<\/script>\n<!-- \/ Yoast SEO plugin. -->","yoast_head_json":{"title":"chronol. Geschichte | Kirmesburschenverein Beuren","description":"die chronologische Geschichte des Kirmesburschenverein Beuren e.V. Von den Anf\u00e4ngen bis Heute.","robots":{"index":"index","follow":"follow","max-snippet":"max-snippet:-1","max-image-preview":"max-image-preview:large","max-video-preview":"max-video-preview:-1"},"canonical":"https:\/\/kirmesburschen-beuren.de\/index.php\/verein\/chronologische-geschichte\/","twitter_misc":{"Gesch\u00e4tzte Lesezeit":"1\u00a0Minute"},"schema":{"@context":"https:\/\/schema.org","@graph":[{"@type":"WebPage","@id":"https:\/\/kirmesburschen-beuren.de\/index.php\/verein\/chronologische-geschichte\/","url":"https:\/\/kirmesburschen-beuren.de\/index.php\/verein\/chronologische-geschichte\/","name":"chronol. Geschichte | Kirmesburschenverein Beuren","isPartOf":{"@id":"https:\/\/kirmesburschen-beuren.de\/#website"},"primaryImageOfPage":{"@id":"https:\/\/kirmesburschen-beuren.de\/index.php\/verein\/chronologische-geschichte\/#primaryimage"},"image":{"@id":"https:\/\/kirmesburschen-beuren.de\/index.php\/verein\/chronologische-geschichte\/#primaryimage"},"thumbnailUrl":"https:\/\/kirmesburschen-beuren.de\/wp-content\/uploads\/2015\/03\/Abholung-des-Hammels-1946_erste-Nachkriegskirmes.jpg","datePublished":"2015-03-28T16:52:03+00:00","dateModified":"2016-11-28T14:21:53+00:00","description":"die chronologische Geschichte des Kirmesburschenverein Beuren e.V. Von den Anf\u00e4ngen bis Heute.","breadcrumb":{"@id":"https:\/\/kirmesburschen-beuren.de\/index.php\/verein\/chronologische-geschichte\/#breadcrumb"},"inLanguage":"de","potentialAction":[{"@type":"ReadAction","target":["https:\/\/kirmesburschen-beuren.de\/index.php\/verein\/chronologische-geschichte\/"]}]},{"@type":"ImageObject","inLanguage":"de","@id":"https:\/\/kirmesburschen-beuren.de\/index.php\/verein\/chronologische-geschichte\/#primaryimage","url":"https:\/\/i0.wp.com\/kirmesburschen-beuren.de\/wp-content\/uploads\/2015\/03\/Abholung-des-Hammels-1946_erste-Nachkriegskirmes.jpg?fit=800%2C440&ssl=1","contentUrl":"https:\/\/i0.wp.com\/kirmesburschen-beuren.de\/wp-content\/uploads\/2015\/03\/Abholung-des-Hammels-1946_erste-Nachkriegskirmes.jpg?fit=800%2C440&ssl=1","width":800,"height":440,"caption":"erste Nachkriegskirmes 1946 - Abholung des Hammels"},{"@type":"BreadcrumbList","@id":"https:\/\/kirmesburschen-beuren.de\/index.php\/verein\/chronologische-geschichte\/#breadcrumb","itemListElement":[{"@type":"ListItem","position":1,"name":"Home","item":"https:\/\/kirmesburschen-beuren.de\/"},{"@type":"ListItem","position":2,"name":"Verein","item":"https:\/\/kirmesburschen-beuren.de\/index.php\/verein\/"},{"@type":"ListItem","position":3,"name":"Chronologische Geschichte"}]},{"@type":"WebSite","@id":"https:\/\/kirmesburschen-beuren.de\/#website","url":"https:\/\/kirmesburschen-beuren.de\/","name":"kirmesburschen-beuren.de","description":"- Tradition seit 1876 -","potentialAction":[{"@type":"SearchAction","target":{"@type":"EntryPoint","urlTemplate":"https:\/\/kirmesburschen-beuren.de\/?s={search_term_string}"},"query-input":{"@type":"PropertyValueSpecification","valueRequired":true,"valueName":"search_term_string"}}],"inLanguage":"de"}]}},"jetpack_sharing_enabled":true,"jetpack_shortlink":"https:\/\/wp.me\/P69aUx-o","_links":{"self":[{"href":"https:\/\/kirmesburschen-beuren.de\/index.php\/wp-json\/wp\/v2\/pages\/24"}],"collection":[{"href":"https:\/\/kirmesburschen-beuren.de\/index.php\/wp-json\/wp\/v2\/pages"}],"about":[{"href":"https:\/\/kirmesburschen-beuren.de\/index.php\/wp-json\/wp\/v2\/types\/page"}],"author":[{"embeddable":true,"href":"https:\/\/kirmesburschen-beuren.de\/index.php\/wp-json\/wp\/v2\/users\/2"}],"replies":[{"embeddable":true,"href":"https:\/\/kirmesburschen-beuren.de\/index.php\/wp-json\/wp\/v2\/comments?post=24"}],"version-history":[{"count":16,"href":"https:\/\/kirmesburschen-beuren.de\/index.php\/wp-json\/wp\/v2\/pages\/24\/revisions"}],"predecessor-version":[{"id":907,"href":"https:\/\/kirmesburschen-beuren.de\/index.php\/wp-json\/wp\/v2\/pages\/24\/revisions\/907"}],"up":[{"embeddable":true,"href":"https:\/\/kirmesburschen-beuren.de\/index.php\/wp-json\/wp\/v2\/pages\/19"}],"wp:attachment":[{"href":"https:\/\/kirmesburschen-beuren.de\/index.php\/wp-json\/wp\/v2\/media?parent=24"}],"curies":[{"name":"wp","href":"https:\/\/api.w.org\/{rel}","templated":true}]}}