{"id":21,"date":"2015-03-28T17:51:21","date_gmt":"2015-03-28T16:51:21","guid":{"rendered":"http:\/\/wordpress.euve75815.serverprofi24.de\/?page_id=21"},"modified":"2017-06-25T16:46:57","modified_gmt":"2017-06-25T14:46:57","slug":"historie","status":"publish","type":"page","link":"https:\/\/kirmesburschen-beuren.de\/index.php\/verein\/historie\/","title":{"rendered":"Historie"},"content":{"rendered":"<figure id=\"attachment_904\" aria-describedby=\"caption-attachment-904\" style=\"width: 800px\" class=\"wp-caption aligncenter\"><img data-recalc-dims=\"1\" loading=\"lazy\" decoding=\"async\" class=\"wp-image-904 size-full\" src=\"https:\/\/i0.wp.com\/kirmesburschen-beuren.de\/wp-content\/uploads\/2015\/03\/DSCI0287.jpg?resize=800%2C600&#038;ssl=1\" alt=\"DSCI0287\" width=\"800\" height=\"600\" srcset=\"https:\/\/i0.wp.com\/kirmesburschen-beuren.de\/wp-content\/uploads\/2015\/03\/DSCI0287.jpg?w=800&amp;ssl=1 800w, https:\/\/i0.wp.com\/kirmesburschen-beuren.de\/wp-content\/uploads\/2015\/03\/DSCI0287.jpg?resize=300%2C225&amp;ssl=1 300w, https:\/\/i0.wp.com\/kirmesburschen-beuren.de\/wp-content\/uploads\/2015\/03\/DSCI0287.jpg?resize=768%2C576&amp;ssl=1 768w, https:\/\/i0.wp.com\/kirmesburschen-beuren.de\/wp-content\/uploads\/2015\/03\/DSCI0287.jpg?resize=230%2C173&amp;ssl=1 230w, https:\/\/i0.wp.com\/kirmesburschen-beuren.de\/wp-content\/uploads\/2015\/03\/DSCI0287.jpg?resize=350%2C263&amp;ssl=1 350w\" sizes=\"(max-width: 800px) 100vw, 800px\" \/><figcaption id=\"caption-attachment-904\" class=\"wp-caption-text\">Altburschen zur Jubil\u00e4umskirmes 2011<\/figcaption><\/figure>\n<hr \/>\n<p>&nbsp;<\/p>\n<p>Die Kirmesburschen waren bis 1992 nicht in einem Verein organisiert. Nach altem Kirmesbrauch, der auf das Jahr 1876 zur\u00fcckgeht, rekrutieren sie sich aus der 18 Jahre alten, ledigen m\u00e4nnlichen Jugend des Dorfes nach einem feststehenden Ritual zu einem bestimmten Zeitpunkt vor der Gro\u00dfen Kirmes.<\/p>\n<p>Ihre Aufgabe ist es, bei der Vorbereitung und Durchf\u00fchrung der Kirmes mitzuwirken, der Freude und dem Vergn\u00fcgen der Anderen zu dienen. Aus der Reihe dieser sich rekrutierenden Kirmesburschen werden j\u00e4hrlich der 1. und der 2. Platzmeister nach einer \u00fcberlieferten Form gew\u00e4hlt.<\/p>\n<p>Die Platzmeister m\u00fcssen ein gutes Ansehen im Dorf genie\u00dfen und die Voraussetzungen mitbringen, Organisatoren und Repr\u00e4sentanten der Kirmes zu sein.<\/p>\n<figure id=\"attachment_1033\" aria-describedby=\"caption-attachment-1033\" style=\"width: 800px\" class=\"wp-caption aligncenter\"><img data-recalc-dims=\"1\" loading=\"lazy\" decoding=\"async\" class=\"size-full wp-image-1033\" src=\"https:\/\/i0.wp.com\/kirmesburschen-beuren.de\/wp-content\/uploads\/2015\/03\/1955.jpg?resize=800%2C529&#038;ssl=1\" alt=\"Kirmes 1955\" width=\"800\" height=\"529\" srcset=\"https:\/\/i0.wp.com\/kirmesburschen-beuren.de\/wp-content\/uploads\/2015\/03\/1955.jpg?w=800&amp;ssl=1 800w, https:\/\/i0.wp.com\/kirmesburschen-beuren.de\/wp-content\/uploads\/2015\/03\/1955.jpg?resize=300%2C198&amp;ssl=1 300w, https:\/\/i0.wp.com\/kirmesburschen-beuren.de\/wp-content\/uploads\/2015\/03\/1955.jpg?resize=768%2C508&amp;ssl=1 768w, https:\/\/i0.wp.com\/kirmesburschen-beuren.de\/wp-content\/uploads\/2015\/03\/1955.jpg?resize=230%2C152&amp;ssl=1 230w, https:\/\/i0.wp.com\/kirmesburschen-beuren.de\/wp-content\/uploads\/2015\/03\/1955.jpg?resize=350%2C231&amp;ssl=1 350w\" sizes=\"(max-width: 800px) 100vw, 800px\" \/><figcaption id=\"caption-attachment-1033\" class=\"wp-caption-text\">Kirmes 1955<\/figcaption><\/figure>\n<p>Nach der Wende hat sich diese Burschenrunde zu einem Verein organisiert. So gr\u00fcndeten sie am 4. September 1992 den Kirmesburschenverein Beuren e.V.<\/p>\n<p>Der Verein w\u00e4hlt alle zwei Jahre einen neuen Vorstand. Aufgabe des Vorstandes ist es, die Tradition des Feierns der Kleinen und der Gro\u00dfen Kirmes zu bewahren.<\/p>\n<p>Das Feiern der Kirmes selbst bleibt traditionsgem\u00e4\u00df in der Verantwortung der Kirmesburschen und der von ihnen gew\u00e4hlten 1. und 2. Platzmeister.<\/p>\n<p>In dem Beitrag \u201eDas Leben um 1910\u2033 und in den Festschriften <a href=\"https:\/\/kirmesburschen-beuren.de\/wp-content\/uploads\/2016\/08\/Festschrift-120-Jahre-Gro\u00dfe-Kirmes-in-Beuren.pdf\" target=\"_blank\">&#8222;120 Jahre Gro\u00dfe Kirmes in Beuren&#8220;<\/a> , \u201e125 Jahre Gro\u00dfe Kirmes in Beuren\u201d und <a href=\"https:\/\/kirmesburschen-beuren.de\/wp-content\/uploads\/2015\/07\/Festschrift-2016.pdf\" target=\"_blank\">&#8222;140 Jahre Gro\u00dfe Kirmes in Beuren&#8220;<\/a>\u00a0ist der bisher noch erfahrbar nachweisliche Brauch des Feierns der Gro\u00dfen Kirmes am 3. Sonntag im Oktober in seiner Gesamtheit dargestellt.<\/p>\n<div class=\"shariff shariff-align-flex-start shariff-widget-align-flex-start\" style=\"display:none\" data-services=\"facebook\" data-url=\"https%3A%2F%2Fkirmesburschen-beuren.de%2Findex.php%2Fverein%2Fhistorie%2F\" data-timestamp=\"1498409217\" data-hidezero=\"1\" data-backendurl=\"https:\/\/kirmesburschen-beuren.de\/wp-json\/shariff\/v1\/share_counts?\"><ul class=\"shariff-buttons theme-default orientation-horizontal buttonsize-medium\"><li class=\"shariff-button facebook shariff-nocustomcolor\" style=\"background-color:#4273c8\"><a href=\"https:\/\/www.facebook.com\/sharer\/sharer.php?u=https%3A%2F%2Fkirmesburschen-beuren.de%2Findex.php%2Fverein%2Fhistorie%2F\" title=\"Bei Facebook teilen\" aria-label=\"Bei Facebook teilen\" role=\"button\" rel=\"nofollow\" class=\"shariff-link\" style=\"; background-color:#3b5998; color:#fff\" target=\"_blank\"><span class=\"shariff-icon\" style=\"\"><svg width=\"32px\" height=\"20px\" xmlns=\"http:\/\/www.w3.org\/2000\/svg\" viewBox=\"0 0 18 32\"><path fill=\"#3b5998\" d=\"M17.1 0.2v4.7h-2.8q-1.5 0-2.1 0.6t-0.5 1.9v3.4h5.2l-0.7 5.3h-4.5v13.6h-5.5v-13.6h-4.5v-5.3h4.5v-3.9q0-3.3 1.9-5.2t5-1.8q2.6 0 4.1 0.2z\"\/><\/svg><\/span><span class=\"shariff-text\">teilen<\/span>&nbsp;<span data-service=\"facebook\" style=\"color:#3b5998\" class=\"shariff-count shariff-hidezero\"><\/span>&nbsp;<\/a><\/li><li class=\"shariff-button whatsapp shariff-nocustomcolor\" style=\"background-color:#5cbe4a\"><a href=\"https:\/\/api.whatsapp.com\/send?text=https%3A%2F%2Fkirmesburschen-beuren.de%2Findex.php%2Fverein%2Fhistorie%2F%20Historie\" title=\"Bei Whatsapp teilen\" aria-label=\"Bei Whatsapp teilen\" role=\"button\" rel=\"noopener nofollow\" class=\"shariff-link\" style=\"; background-color:#34af23; color:#fff\" target=\"_blank\"><span class=\"shariff-icon\" style=\"\"><svg width=\"32px\" height=\"20px\" xmlns=\"http:\/\/www.w3.org\/2000\/svg\" viewBox=\"0 0 32 32\"><path fill=\"#34af23\" d=\"M17.6 17.4q0.2 0 1.7 0.8t1.6 0.9q0 0.1 0 0.3 0 0.6-0.3 1.4-0.3 0.7-1.3 1.2t-1.8 0.5q-1 0-3.4-1.1-1.7-0.8-3-2.1t-2.6-3.3q-1.3-1.9-1.3-3.5v-0.1q0.1-1.6 1.3-2.8 0.4-0.4 0.9-0.4 0.1 0 0.3 0t0.3 0q0.3 0 0.5 0.1t0.3 0.5q0.1 0.4 0.6 1.6t0.4 1.3q0 0.4-0.6 1t-0.6 0.8q0 0.1 0.1 0.3 0.6 1.3 1.8 2.4 1 0.9 2.7 1.8 0.2 0.1 0.4 0.1 0.3 0 1-0.9t0.9-0.9zM14 26.9q2.3 0 4.3-0.9t3.6-2.4 2.4-3.6 0.9-4.3-0.9-4.3-2.4-3.6-3.6-2.4-4.3-0.9-4.3 0.9-3.6 2.4-2.4 3.6-0.9 4.3q0 3.6 2.1 6.6l-1.4 4.2 4.3-1.4q2.8 1.9 6.2 1.9zM14 2.2q2.7 0 5.2 1.1t4.3 2.9 2.9 4.3 1.1 5.2-1.1 5.2-2.9 4.3-4.3 2.9-5.2 1.1q-3.5 0-6.5-1.7l-7.4 2.4 2.4-7.2q-1.9-3.2-1.9-6.9 0-2.7 1.1-5.2t2.9-4.3 4.3-2.9 5.2-1.1z\"\/><\/svg><\/span><span class=\"shariff-text\">teilen<\/span>&nbsp;<\/a><\/li><\/ul><\/div>","protected":false},"excerpt":{"rendered":"<p>&nbsp; Die Kirmesburschen waren bis 1992 nicht in einem Verein organisiert. Nach [&hellip;]<\/p>\n<div class=\"shariff shariff-align-flex-start shariff-widget-align-flex-start\" style=\"display:none\" data-services=\"facebook\" data-url=\"https%3A%2F%2Fkirmesburschen-beuren.de%2Findex.php%2Fverein%2Fhistorie%2F\" data-timestamp=\"1498409217\" data-hidezero=\"1\" data-backendurl=\"https:\/\/kirmesburschen-beuren.de\/wp-json\/shariff\/v1\/share_counts?\"><ul class=\"shariff-buttons theme-default orientation-horizontal buttonsize-medium\"><li class=\"shariff-button facebook shariff-nocustomcolor\" style=\"background-color:#4273c8\"><a href=\"https:\/\/www.facebook.com\/sharer\/sharer.php?u=https%3A%2F%2Fkirmesburschen-beuren.de%2Findex.php%2Fverein%2Fhistorie%2F\" title=\"Bei Facebook teilen\" aria-label=\"Bei Facebook teilen\" role=\"button\" rel=\"nofollow\" class=\"shariff-link\" style=\"; background-color:#3b5998; color:#fff\" target=\"_blank\"><span class=\"shariff-icon\" style=\"\"><svg width=\"32px\" height=\"20px\" xmlns=\"http:\/\/www.w3.org\/2000\/svg\" viewBox=\"0 0 18 32\"><path fill=\"#3b5998\" d=\"M17.1 0.2v4.7h-2.8q-1.5 0-2.1 0.6t-0.5 1.9v3.4h5.2l-0.7 5.3h-4.5v13.6h-5.5v-13.6h-4.5v-5.3h4.5v-3.9q0-3.3 1.9-5.2t5-1.8q2.6 0 4.1 0.2z\"\/><\/svg><\/span><span class=\"shariff-text\">teilen<\/span>&nbsp;<span data-service=\"facebook\" style=\"color:#3b5998\" class=\"shariff-count shariff-hidezero\"><\/span>&nbsp;<\/a><\/li><li class=\"shariff-button whatsapp shariff-nocustomcolor\" style=\"background-color:#5cbe4a\"><a href=\"https:\/\/api.whatsapp.com\/send?text=https%3A%2F%2Fkirmesburschen-beuren.de%2Findex.php%2Fverein%2Fhistorie%2F%20Historie\" title=\"Bei Whatsapp teilen\" aria-label=\"Bei Whatsapp teilen\" role=\"button\" rel=\"noopener nofollow\" class=\"shariff-link\" style=\"; background-color:#34af23; color:#fff\" target=\"_blank\"><span class=\"shariff-icon\" style=\"\"><svg width=\"32px\" height=\"20px\" xmlns=\"http:\/\/www.w3.org\/2000\/svg\" viewBox=\"0 0 32 32\"><path fill=\"#34af23\" d=\"M17.6 17.4q0.2 0 1.7 0.8t1.6 0.9q0 0.1 0 0.3 0 0.6-0.3 1.4-0.3 0.7-1.3 1.2t-1.8 0.5q-1 0-3.4-1.1-1.7-0.8-3-2.1t-2.6-3.3q-1.3-1.9-1.3-3.5v-0.1q0.1-1.6 1.3-2.8 0.4-0.4 0.9-0.4 0.1 0 0.3 0t0.3 0q0.3 0 0.5 0.1t0.3 0.5q0.1 0.4 0.6 1.6t0.4 1.3q0 0.4-0.6 1t-0.6 0.8q0 0.1 0.1 0.3 0.6 1.3 1.8 2.4 1 0.9 2.7 1.8 0.2 0.1 0.4 0.1 0.3 0 1-0.9t0.9-0.9zM14 26.9q2.3 0 4.3-0.9t3.6-2.4 2.4-3.6 0.9-4.3-0.9-4.3-2.4-3.6-3.6-2.4-4.3-0.9-4.3 0.9-3.6 2.4-2.4 3.6-0.9 4.3q0 3.6 2.1 6.6l-1.4 4.2 4.3-1.4q2.8 1.9 6.2 1.9zM14 2.2q2.7 0 5.2 1.1t4.3 2.9 2.9 4.3 1.1 5.2-1.1 5.2-2.9 4.3-4.3 2.9-5.2 1.1q-3.5 0-6.5-1.7l-7.4 2.4 2.4-7.2q-1.9-3.2-1.9-6.9 0-2.7 1.1-5.2t2.9-4.3 4.3-2.9 5.2-1.1z\"\/><\/svg><\/span><span class=\"shariff-text\">teilen<\/span>&nbsp;<\/a><\/li><\/ul><\/div>","protected":false},"author":2,"featured_media":0,"parent":19,"menu_order":1,"comment_status":"closed","ping_status":"closed","template":"","meta":{"_exactmetrics_skip_tracking":false,"_exactmetrics_sitenote_active":false,"_exactmetrics_sitenote_note":"","_exactmetrics_sitenote_category":0,"jetpack_post_was_ever_published":false,"footnotes":""},"class_list":["post-21","page","type-page","status-publish","hentry"],"yoast_head":"<!-- This site is optimized with the Yoast SEO plugin v23.4 - https:\/\/yoast.com\/wordpress\/plugins\/seo\/ -->\n<title>Historie - kirmesburschen-beuren.de<\/title>\n<meta name=\"description\" content=\"die Historie des Kirmesburschenverein Beuren e.V. Tradition und Brauchtumspflege\" \/>\n<meta name=\"robots\" content=\"index, follow, max-snippet:-1, max-image-preview:large, max-video-preview:-1\" \/>\n<link rel=\"canonical\" href=\"https:\/\/kirmesburschen-beuren.de\/index.php\/verein\/historie\/\" \/>\n<meta name=\"twitter:label1\" content=\"Gesch\u00e4tzte Lesezeit\" \/>\n\t<meta name=\"twitter:data1\" content=\"1\u00a0Minute\" \/>\n<script type=\"application\/ld+json\" class=\"yoast-schema-graph\">{\"@context\":\"https:\/\/schema.org\",\"@graph\":[{\"@type\":\"WebPage\",\"@id\":\"https:\/\/kirmesburschen-beuren.de\/index.php\/verein\/historie\/\",\"url\":\"https:\/\/kirmesburschen-beuren.de\/index.php\/verein\/historie\/\",\"name\":\"Historie - kirmesburschen-beuren.de\",\"isPartOf\":{\"@id\":\"https:\/\/kirmesburschen-beuren.de\/#website\"},\"primaryImageOfPage\":{\"@id\":\"https:\/\/kirmesburschen-beuren.de\/index.php\/verein\/historie\/#primaryimage\"},\"image\":{\"@id\":\"https:\/\/kirmesburschen-beuren.de\/index.php\/verein\/historie\/#primaryimage\"},\"thumbnailUrl\":\"https:\/\/kirmesburschen-beuren.de\/wp-content\/uploads\/2015\/03\/DSCI0287.jpg\",\"datePublished\":\"2015-03-28T16:51:21+00:00\",\"dateModified\":\"2017-06-25T14:46:57+00:00\",\"description\":\"die Historie des Kirmesburschenverein Beuren e.V. Tradition und Brauchtumspflege\",\"breadcrumb\":{\"@id\":\"https:\/\/kirmesburschen-beuren.de\/index.php\/verein\/historie\/#breadcrumb\"},\"inLanguage\":\"de\",\"potentialAction\":[{\"@type\":\"ReadAction\",\"target\":[\"https:\/\/kirmesburschen-beuren.de\/index.php\/verein\/historie\/\"]}]},{\"@type\":\"ImageObject\",\"inLanguage\":\"de\",\"@id\":\"https:\/\/kirmesburschen-beuren.de\/index.php\/verein\/historie\/#primaryimage\",\"url\":\"https:\/\/i0.wp.com\/kirmesburschen-beuren.de\/wp-content\/uploads\/2015\/03\/DSCI0287.jpg?fit=800%2C600&ssl=1\",\"contentUrl\":\"https:\/\/i0.wp.com\/kirmesburschen-beuren.de\/wp-content\/uploads\/2015\/03\/DSCI0287.jpg?fit=800%2C600&ssl=1\",\"width\":800,\"height\":600},{\"@type\":\"BreadcrumbList\",\"@id\":\"https:\/\/kirmesburschen-beuren.de\/index.php\/verein\/historie\/#breadcrumb\",\"itemListElement\":[{\"@type\":\"ListItem\",\"position\":1,\"name\":\"Home\",\"item\":\"https:\/\/kirmesburschen-beuren.de\/\"},{\"@type\":\"ListItem\",\"position\":2,\"name\":\"Verein\",\"item\":\"https:\/\/kirmesburschen-beuren.de\/index.php\/verein\/\"},{\"@type\":\"ListItem\",\"position\":3,\"name\":\"Historie\"}]},{\"@type\":\"WebSite\",\"@id\":\"https:\/\/kirmesburschen-beuren.de\/#website\",\"url\":\"https:\/\/kirmesburschen-beuren.de\/\",\"name\":\"kirmesburschen-beuren.de\",\"description\":\"- Tradition seit 1876 -\",\"potentialAction\":[{\"@type\":\"SearchAction\",\"target\":{\"@type\":\"EntryPoint\",\"urlTemplate\":\"https:\/\/kirmesburschen-beuren.de\/?s={search_term_string}\"},\"query-input\":{\"@type\":\"PropertyValueSpecification\",\"valueRequired\":true,\"valueName\":\"search_term_string\"}}],\"inLanguage\":\"de\"}]}<\/script>\n<!-- \/ Yoast SEO plugin. -->","yoast_head_json":{"title":"Historie - kirmesburschen-beuren.de","description":"die Historie des Kirmesburschenverein Beuren e.V. Tradition und Brauchtumspflege","robots":{"index":"index","follow":"follow","max-snippet":"max-snippet:-1","max-image-preview":"max-image-preview:large","max-video-preview":"max-video-preview:-1"},"canonical":"https:\/\/kirmesburschen-beuren.de\/index.php\/verein\/historie\/","twitter_misc":{"Gesch\u00e4tzte Lesezeit":"1\u00a0Minute"},"schema":{"@context":"https:\/\/schema.org","@graph":[{"@type":"WebPage","@id":"https:\/\/kirmesburschen-beuren.de\/index.php\/verein\/historie\/","url":"https:\/\/kirmesburschen-beuren.de\/index.php\/verein\/historie\/","name":"Historie - kirmesburschen-beuren.de","isPartOf":{"@id":"https:\/\/kirmesburschen-beuren.de\/#website"},"primaryImageOfPage":{"@id":"https:\/\/kirmesburschen-beuren.de\/index.php\/verein\/historie\/#primaryimage"},"image":{"@id":"https:\/\/kirmesburschen-beuren.de\/index.php\/verein\/historie\/#primaryimage"},"thumbnailUrl":"https:\/\/kirmesburschen-beuren.de\/wp-content\/uploads\/2015\/03\/DSCI0287.jpg","datePublished":"2015-03-28T16:51:21+00:00","dateModified":"2017-06-25T14:46:57+00:00","description":"die Historie des Kirmesburschenverein Beuren e.V. Tradition und Brauchtumspflege","breadcrumb":{"@id":"https:\/\/kirmesburschen-beuren.de\/index.php\/verein\/historie\/#breadcrumb"},"inLanguage":"de","potentialAction":[{"@type":"ReadAction","target":["https:\/\/kirmesburschen-beuren.de\/index.php\/verein\/historie\/"]}]},{"@type":"ImageObject","inLanguage":"de","@id":"https:\/\/kirmesburschen-beuren.de\/index.php\/verein\/historie\/#primaryimage","url":"https:\/\/i0.wp.com\/kirmesburschen-beuren.de\/wp-content\/uploads\/2015\/03\/DSCI0287.jpg?fit=800%2C600&ssl=1","contentUrl":"https:\/\/i0.wp.com\/kirmesburschen-beuren.de\/wp-content\/uploads\/2015\/03\/DSCI0287.jpg?fit=800%2C600&ssl=1","width":800,"height":600},{"@type":"BreadcrumbList","@id":"https:\/\/kirmesburschen-beuren.de\/index.php\/verein\/historie\/#breadcrumb","itemListElement":[{"@type":"ListItem","position":1,"name":"Home","item":"https:\/\/kirmesburschen-beuren.de\/"},{"@type":"ListItem","position":2,"name":"Verein","item":"https:\/\/kirmesburschen-beuren.de\/index.php\/verein\/"},{"@type":"ListItem","position":3,"name":"Historie"}]},{"@type":"WebSite","@id":"https:\/\/kirmesburschen-beuren.de\/#website","url":"https:\/\/kirmesburschen-beuren.de\/","name":"kirmesburschen-beuren.de","description":"- Tradition seit 1876 -","potentialAction":[{"@type":"SearchAction","target":{"@type":"EntryPoint","urlTemplate":"https:\/\/kirmesburschen-beuren.de\/?s={search_term_string}"},"query-input":{"@type":"PropertyValueSpecification","valueRequired":true,"valueName":"search_term_string"}}],"inLanguage":"de"}]}},"jetpack_sharing_enabled":true,"jetpack_shortlink":"https:\/\/wp.me\/P69aUx-l","_links":{"self":[{"href":"https:\/\/kirmesburschen-beuren.de\/index.php\/wp-json\/wp\/v2\/pages\/21"}],"collection":[{"href":"https:\/\/kirmesburschen-beuren.de\/index.php\/wp-json\/wp\/v2\/pages"}],"about":[{"href":"https:\/\/kirmesburschen-beuren.de\/index.php\/wp-json\/wp\/v2\/types\/page"}],"author":[{"embeddable":true,"href":"https:\/\/kirmesburschen-beuren.de\/index.php\/wp-json\/wp\/v2\/users\/2"}],"replies":[{"embeddable":true,"href":"https:\/\/kirmesburschen-beuren.de\/index.php\/wp-json\/wp\/v2\/comments?post=21"}],"version-history":[{"count":22,"href":"https:\/\/kirmesburschen-beuren.de\/index.php\/wp-json\/wp\/v2\/pages\/21\/revisions"}],"predecessor-version":[{"id":1586,"href":"https:\/\/kirmesburschen-beuren.de\/index.php\/wp-json\/wp\/v2\/pages\/21\/revisions\/1586"}],"up":[{"embeddable":true,"href":"https:\/\/kirmesburschen-beuren.de\/index.php\/wp-json\/wp\/v2\/pages\/19"}],"wp:attachment":[{"href":"https:\/\/kirmesburschen-beuren.de\/index.php\/wp-json\/wp\/v2\/media?parent=21"}],"curies":[{"name":"wp","href":"https:\/\/api.w.org\/{rel}","templated":true}]}}