{"id":1843,"date":"2018-12-06T09:41:28","date_gmt":"2018-12-06T08:41:28","guid":{"rendered":"https:\/\/kirmesburschen-beuren.de\/?page_id=1843"},"modified":"2018-12-06T09:41:28","modified_gmt":"2018-12-06T08:41:28","slug":"datenschutz","status":"publish","type":"page","link":"https:\/\/kirmesburschen-beuren.de\/index.php\/datenschutz\/","title":{"rendered":"Datenschutz"},"content":{"rendered":"<p>Sie k\u00f6nnen auf eine transparente und faire Datenverarbeitung vertrauen und wir bem\u00fchen uns um einen sorgsamen und verantwortungsvollen Umgang mit Ihren Daten. Alle Informationen auf dieser Webseite unterliegen dem Urheberrecht und anderen Gesetzen zum Schutz geistigen Eigentums. Sie d\u00fcrfen weder f\u00fcr Handelszwecke noch zur Weitergabe kopiert, noch ver\u00e4ndert und ohne Einwilligung des Kirmesburschenverein Beuren e.V. verwendet werden.<\/p>\n<div class=\"field-body\">\n<p>&nbsp;<\/p>\n<p>Name und Anschrift der f\u00fcr die Verarbeitung verantwortlichen Stelle:<\/p>\n<p>Kirmesburschenverein Beuren e.V.<br \/>\nMarktstra\u00dfe 33<br \/>\n37327 Leinefelde-Worbis \/ OT Beuren<br \/>\nDeutschland<\/p>\n<p>Den Datenschutzbeauftragten erreichen Sie <a href=\"https:\/\/kirmesburschen-beuren.de\/index.php\/info\/kontakt\/\">hier<\/a><\/p>\n<\/div>\n<p>&nbsp;<\/p>\n<p><strong>Datenschutz<\/strong><\/p>\n<p>Der Schutz Ihrer Daten ist uns sehr wichtig. Daher m\u00f6chten wir Sie nachfolgend informieren, welche Daten Ihres Besuchs wir zu welchen Zwecken verwenden. Sollten dar\u00fcber hinaus noch Fragen zum Umgang mit Ihren personenbezogenen Daten offen bleiben, k\u00f6nnen Sie sich gerne an uns wenden.<\/p>\n<p><strong>Was sind personenbezogene Daten?<\/strong><\/p>\n<p>Der Begriff der personenbezogenen Daten ist im Bundesdatenschutzgesetz definiert. Danach sind dies Einzelangaben \u00fcber pers\u00f6nliche oder sachliche Verh\u00e4ltnisse einer bestimmten oder bestimmbaren nat\u00fcrlichen Person. Darunter fallen also beispielsweise Ihr b\u00fcrgerlicher Name, Ihre Anschrift, Ihre Telefonnummer oder Ihr Geburtsdatum.<\/p>\n<p><strong>Anonyme Datenerhebung und -verarbeitung<\/strong><\/p>\n<p>Soweit in den folgenden Abschnitten nicht anderweitig dargestellt, werden bei Nutzung unserer Webseiten grunds\u00e4tzlich keine personenbezogenen Daten erhoben, verarbeitet oder genutzt. Ein Access-Log durch unseren Webserver wurde vollst\u00e4ndig deaktiviert. Wir erfahren aber \u00fcber den Einsatz von Google Analytics bestimmte technische Informationen anhand der von Ihrem Browser \u00fcbermittelten Daten (beispielsweise Browsertyp\/-version, verwendetes Betriebssystem, bei uns besuchte Webseiten inkl. Verweildauer, zuvor besuchte Webseite). Diese Informationen werten wir nur zu statistischen Zwecken aus.<\/p>\n<p><strong>Google Analytics<\/strong><\/p>\n<p>Diese Website benutzt Google Analytics, einen Webanalysedienst der Google Inc, (1600 Amphitheatre Parkway Mountain View, CA 94043, USA; \u201eGoogle\u201c). Die Nutzung umfasst die Betriebsart \u201eUniversal Analytics\u201c. Hierdurch ist es m\u00f6glich, Daten, Sitzungen und Interaktionen \u00fcber mehrere Ger\u00e4te hinweg einer pseudonymen User-ID zuzuordnen und so die Aktivit\u00e4ten eines Nutzers ger\u00e4te\u00fcbergreifend zu analysieren.<\/p>\n<p>Google Analytics verwendet sog. \u201eCookies\u201c, Textdateien, die auf Ihrem Computer gespeichert werden und die eine Analyse der Benutzung der Website durch Sie erm\u00f6glichen. Die durch das Cookie erzeugten Informationen \u00fcber Ihre Benutzung dieser Website werden in der Regel an einen Server von Google in den USA \u00fcbertragen und dort gespeichert. Im Falle der Aktivierung der IP-Anonymisierung auf dieser Website, wird Ihre IP-Adresse von Google jedoch innerhalb von Mitgliedstaaten der Europ\u00e4ischen Union oder in anderen Vertragsstaaten des Abkommens \u00fcber den Europ\u00e4ischen Wirtschaftsraum zuvor gek\u00fcrzt. Nur in Ausnahmef\u00e4llen wird die volle IP-Adresse an einen Server von Google in den USA \u00fcbertragen und dort gek\u00fcrzt. Die im Rahmen von Google Analytics von Ihrem Browser \u00fcbermittelte IP-Adresse wird nicht mit anderen Daten von Google zusammengef\u00fchrt. Im Auftrag des Betreibers dieser Website wird Google diese Informationen benutzen, um Ihre Nutzung der Website auszuwerten, um Reports \u00fcber die Websiteaktivit\u00e4ten zusammenzustellen und um weitere mit der Websitenutzung und der Internetnutzung verbundene Dienstleistungen gegen\u00fcber dem Websitebetreiber zu erbringen. In diesen Zwecken liegt auch unser berechtigtes Interesse an der Datenverarbeitung. Die Rechtsgrundlage f\u00fcr den Einsatz von Google Analytics ist \u00a7 15 Abs.3 TMG bzw. Art. 6 Abs. 1 lit. f DSGVO. Sitzungen und Kampagnen werden nach Ablauf einer bestimmten Zeitspanne beendet. Standardm\u00e4\u00dfig werden Sitzungen nach 30 Minuten ohne Aktivit\u00e4t und Kampagnen nach sechs Monaten beendet. Das Zeitlimit f\u00fcr Kampagnen kann maximal zwei Jahre betragen. N\u00e4here Informationen zu Nutzungsbedingungen und Datenschutz finden Sie unter\u00a0<a href=\"https:\/\/www.google.com\/analytics\/terms\/de.html\" target=\"_blank\" rel=\"noopener\">https:\/\/www.google.com\/analytics\/terms\/de.html<\/a>\u00a0bzw. unter\u00a0<a href=\"https:\/\/policies.google.com\/?hl=de\" target=\"_blank\" rel=\"noopener\">https:\/\/policies.google.com\/?hl=de<\/a>.<\/p>\n<p>Sie k\u00f6nnen die Speicherung der Cookies durch eine entsprechende Einstellung Ihrer Browser-Software verhindern; wir weisen Sie jedoch darauf hin, dass Sie in diesem Fall gegebenenfalls nicht s\u00e4mtliche Funktionen dieser Website vollumf\u00e4nglich werden nutzen k\u00f6nnen. Sie k\u00f6nnen dar\u00fcber hinaus die Erfassung der durch das Cookie erzeugten und auf Ihre Nutzung der Website bezogenen Daten (inkl. Ihrer IP-Adresse) an Google sowie die Verarbeitung dieser Daten durch Google verhindern, indem Sie das\u00a0<a href=\"https:\/\/tools.google.com\/dlpage\/gaoptout?hl=de\" target=\"_blank\" rel=\"noopener\">Browser-Add-on<\/a>\u00a0herunterladen und installieren. Opt-Out-Cookies verhindern die zuk\u00fcnftige Erfassung Ihrer Daten beim Besuch dieser Website. Um die Erfassung durch Universal Analytics \u00fcber verschiedene Ger\u00e4te hinweg zu verhindern, m\u00fcssen Sie das Opt-Out auf allen genutzten Systemen durchf\u00fchren. Wenn Sie hier klicken, wird das Opt-Out-Cookie gesetzt:\u00a0<a class=\"gaoo-opt-out google-analytics-opt-out\">Google Analytics deaktivieren<\/a><\/p>\n<p><strong>Cookies<\/strong><\/p>\n<p>Ebenfalls zum Zwecke der Verbesserung unserer Webangebote setzen wir sogenannte Cookies ein. Cookies sind Text-Informations-Dateien, welche Ihr Web-Browser auf Ihrem Computer abspeichert, wenn Sie eine unserer Webseiten \u00f6ffnen. Wir verwenden diese Cookie-Technologie, um unsere Webseiten auf bevorzugte Interessengebiete zuzuschneiden. Wenn Sie den Einsatz von Cookies verhindern m\u00f6chten, k\u00f6nnen Sie die Annahme von Cookies in Ihrem Browser verweigern. Wie das im Einzelnen funktioniert, entnehmen Sie bitte der Anleitung Ihres Browser-Herstellers.<\/p>\n<p><strong>Kommentarfunktion<\/strong><\/p>\n<p>Es besteht f\u00fcr Sie die M\u00f6glichkeit, Kommentare zu verfassen. Daf\u00fcr ben\u00f6tigen wir Ihren Namen bzw. ein Pseudonym. Optional k\u00f6nnen Sie Ihre Webseite angeben. Wir fragen diese Informationen ab, um eine transparentere und individuellere Kommunikation zwischen den Autoren und Kommentatoren zu f\u00f6rdern.<\/p>\n<p>Zudem werden Ihre IP- und E-Mail-Adresse erfasst bzw. abgefragt. Eine Speicherung dieser Informationen dient dazu Spam zu vermeiden. Wir l\u00f6schen diese Daten einmal im Monat.<\/p>\n<p>Die Preisgabe der von Ihnen in diesem Zusammenhang angegebenen Daten erfolgt ausdr\u00fccklich auf freiwilliger Grundlage und mit Ihrer Einwilligung. Die so \u00fcbermittelten personenbezogenen Daten verwenden wir ausschlie\u00dflich f\u00fcr den Zweck, zu dem Sie uns Ihre Daten zur Verf\u00fcgung stellen. Selbstverst\u00e4ndlich k\u00f6nnen Sie Ihre Einwilligungserkl\u00e4rung jederzeit f\u00fcr die Zukunft widerrufen. Bitte wenden Sie sich daf\u00fcr an unsere Datenschutzbeauftragte, deren Kontaktdaten Sie unten stehend finden.<\/p>\n<p><strong>Social Bookmarks<\/strong><\/p>\n<p>Auf unserer Webseite sind so genannte Social Bookmarks (bspw. von Facebook, Twitter und Xing) integriert. Social Bookmarks sind Internet-Lesezeichen, mit denen die Nutzer eines solchen Dienstes Links und Nachrichtenmeldungen sammeln k\u00f6nnen. Diese sind auf unserer Webseite lediglich als Link zu den entsprechenden Diensten eingebunden. Nach dem Anklicken der eingebundenen Grafik werden Sie auf die Seite des jeweiligen Anbieters weitergeleitet, d.h. erst dann werden Nutzerinformationen an den jeweiligen Anbieter \u00fcbertragen. Informationen zum Umgang mit Ihren personenbezogenen Daten bei Nutzung dieser Webseiten entnehmen Sie bitte den jeweiligen Datenschutzbestimmungen der Anbieter.<\/p>\n<p><strong>Kontakt<\/strong><\/p>\n<p>Personenbezogene Daten werden durch uns erfasst, wenn Sie uns diese von sich aus mitteilen, beispielsweise wenn Sie mit uns in Kontakt treten. Die uns auf diese Weise \u00fcbermittelten personenbezogenen Daten werden wir selbstverst\u00e4ndlich ausschlie\u00dflich f\u00fcr den Zweck verwenden, zu dem Sie uns diese bei der Kontaktierung zur Verf\u00fcgung stellen.<\/p>\n<p>Eine Mitteilung dieser Angaben erfolgt ausdr\u00fccklich auf freiwilliger Basis und mit Ihrer Einwilligung. Soweit es sich hierbei um Angaben zu Kommunikationskan\u00e4len (beispielsweise E-Mail-Adresse, Telefonnummer) handelt, willigen Sie au\u00dferdem ein, dass wir Sie ggf. auch \u00fcber diesen Kommunikationskanal kontaktieren, um Ihr Anliegen zu beantworten.<\/p>\n<p>Ihre Einwilligungserkl\u00e4rungen k\u00f6nnen Sie selbstverst\u00e4ndlich jederzeit f\u00fcr die Zukunft widerrufen. Bitte wenden Sie sich hierf\u00fcr an unsere Datenschutzbeauftragte, deren Kontaktdaten Sie unten stehend finden.<\/p>\n<p><strong>Sicherheit<\/strong><\/p>\n<p>Wir haben umfangreiche technische und betriebliche Schutzvorkehrungen getroffen, um Ihre Daten vor zuf\u00e4lligen oder vors\u00e4tzlichen Manipulationen, Verlust, Zerst\u00f6rung oder dem Zugriff unberechtigter Personen zu sch\u00fctzen. Unsere Sicherheitsverfahren werden regelm\u00e4\u00dfig \u00fcberpr\u00fcft und dem technologischen Fortschritt angepasst.<\/p>\n<p><strong>Keine Daten\u00fcbermittlungen an Dritte<\/strong><\/p>\n<p>Eine \u00dcbermittlung Ihrer Daten an Dritte findet nicht statt, es sei denn, wir sind gesetzlich dazu verpflichtet. Soweit externe Dienstleister mit Ihren personenbezogenen Daten in Ber\u00fchrung kommen, haben wir durch rechtliche, technische und organisatorische Ma\u00dfnahmen sowie durch regelm\u00e4\u00dfige Kontrollen sichergestellt, dass diese die Vorschriften der Datenschutzgesetze einhalten.<\/p>\n<p><strong>Auskunftsrecht<\/strong><\/p>\n<p>Gerne geben wir Ihnen Auskunft dar\u00fcber, ob und welche personenbezogenen Daten von Ihnen bei uns gespeichert sind. Unter den Voraussetzungen der Bestimmungen des BDSG k\u00f6nnen Sie dar\u00fcber hinaus gegebenenfalls ein Recht auf Berichtigung, Sperrung oder L\u00f6schung dieser Daten geltend machen. Auf Anforderung machen wir Ihnen au\u00dferdem gerne unser \u00f6ffentliches Verfahrensverzeichnis zug\u00e4nglich, in dem wir die nach \u00a7 4e BDSG erforderlichen Angaben zusammengefasst haben.<\/p>\n<p><strong>Externe Links<\/strong><\/p>\n<p>F\u00fcr den Inhalt von Websites, auf die von dieser Website mittels Hyperlink oder sonst verwiesen wird, sind wir nicht verantwortlich, da wir darauf keinen Einflu\u00df haben. Vorsorglich distanzieren wir uns deshalb hiermit ausdr\u00fccklich von allen Inhalten jeglicher direkt oder indirekt referenzierten Seiten auf den betroffenen Websites, inklusive aller Unterseiten. Diese Erkl\u00e4rung gilt f\u00fcr alle auf der Website gesetzten Links und f\u00fcr alle Inhalte der Seiten, zu denen Links und\/oder Banner f\u00fchren.<\/p>\n<p><strong>Haftungshinweis<\/strong><\/p>\n<p>Wir k\u00f6nnen, trotz sorgf\u00e4ltiger inhaltlicher Kontrolle, keine Haftung f\u00fcr die Inhalte externer Links \u00fcbernehmen. F\u00fcr den Inhalt der verlinkten Webseiten sind ausschlie\u00dflich deren Betreiber verantwortlich.<\/p>\n<p><strong>\u00c4nderungen der Datenschutzerkl\u00e4rung<\/strong><\/p>\n<p>Wir behalten uns das Recht vor, diese Datenschutzerkl\u00e4rung jederzeit unter Beachtung der geltenden Datenschutzvorschriften zu \u00e4ndern. Derzeitiger Stand ist Mai 2018.<\/p>\n<div class=\"shariff shariff-align-flex-start shariff-widget-align-flex-start\" style=\"display:none\" data-services=\"facebook\" data-url=\"https%3A%2F%2Fkirmesburschen-beuren.de%2Findex.php%2Fdatenschutz%2F\" data-timestamp=\"1544089288\" data-hidezero=\"1\" data-backendurl=\"https:\/\/kirmesburschen-beuren.de\/wp-json\/shariff\/v1\/share_counts?\"><ul class=\"shariff-buttons theme-default orientation-horizontal buttonsize-medium\"><li class=\"shariff-button facebook shariff-nocustomcolor\" style=\"background-color:#4273c8\"><a href=\"https:\/\/www.facebook.com\/sharer\/sharer.php?u=https%3A%2F%2Fkirmesburschen-beuren.de%2Findex.php%2Fdatenschutz%2F\" title=\"Bei Facebook teilen\" aria-label=\"Bei Facebook teilen\" role=\"button\" rel=\"nofollow\" class=\"shariff-link\" style=\"; background-color:#3b5998; color:#fff\" target=\"_blank\"><span class=\"shariff-icon\" style=\"\"><svg width=\"32px\" height=\"20px\" xmlns=\"http:\/\/www.w3.org\/2000\/svg\" viewBox=\"0 0 18 32\"><path fill=\"#3b5998\" d=\"M17.1 0.2v4.7h-2.8q-1.5 0-2.1 0.6t-0.5 1.9v3.4h5.2l-0.7 5.3h-4.5v13.6h-5.5v-13.6h-4.5v-5.3h4.5v-3.9q0-3.3 1.9-5.2t5-1.8q2.6 0 4.1 0.2z\"\/><\/svg><\/span><span class=\"shariff-text\">teilen<\/span>&nbsp;<span data-service=\"facebook\" style=\"color:#3b5998\" class=\"shariff-count shariff-hidezero\"><\/span>&nbsp;<\/a><\/li><li class=\"shariff-button whatsapp shariff-nocustomcolor\" style=\"background-color:#5cbe4a\"><a href=\"https:\/\/api.whatsapp.com\/send?text=https%3A%2F%2Fkirmesburschen-beuren.de%2Findex.php%2Fdatenschutz%2F%20Datenschutz\" title=\"Bei Whatsapp teilen\" aria-label=\"Bei Whatsapp teilen\" role=\"button\" rel=\"noopener nofollow\" class=\"shariff-link\" style=\"; background-color:#34af23; color:#fff\" target=\"_blank\"><span class=\"shariff-icon\" style=\"\"><svg width=\"32px\" height=\"20px\" xmlns=\"http:\/\/www.w3.org\/2000\/svg\" viewBox=\"0 0 32 32\"><path fill=\"#34af23\" d=\"M17.6 17.4q0.2 0 1.7 0.8t1.6 0.9q0 0.1 0 0.3 0 0.6-0.3 1.4-0.3 0.7-1.3 1.2t-1.8 0.5q-1 0-3.4-1.1-1.7-0.8-3-2.1t-2.6-3.3q-1.3-1.9-1.3-3.5v-0.1q0.1-1.6 1.3-2.8 0.4-0.4 0.9-0.4 0.1 0 0.3 0t0.3 0q0.3 0 0.5 0.1t0.3 0.5q0.1 0.4 0.6 1.6t0.4 1.3q0 0.4-0.6 1t-0.6 0.8q0 0.1 0.1 0.3 0.6 1.3 1.8 2.4 1 0.9 2.7 1.8 0.2 0.1 0.4 0.1 0.3 0 1-0.9t0.9-0.9zM14 26.9q2.3 0 4.3-0.9t3.6-2.4 2.4-3.6 0.9-4.3-0.9-4.3-2.4-3.6-3.6-2.4-4.3-0.9-4.3 0.9-3.6 2.4-2.4 3.6-0.9 4.3q0 3.6 2.1 6.6l-1.4 4.2 4.3-1.4q2.8 1.9 6.2 1.9zM14 2.2q2.7 0 5.2 1.1t4.3 2.9 2.9 4.3 1.1 5.2-1.1 5.2-2.9 4.3-4.3 2.9-5.2 1.1q-3.5 0-6.5-1.7l-7.4 2.4 2.4-7.2q-1.9-3.2-1.9-6.9 0-2.7 1.1-5.2t2.9-4.3 4.3-2.9 5.2-1.1z\"\/><\/svg><\/span><span class=\"shariff-text\">teilen<\/span>&nbsp;<\/a><\/li><\/ul><\/div>","protected":false},"excerpt":{"rendered":"<p>Sie k\u00f6nnen auf eine transparente und faire Datenverarbeitung vertrauen und wir bem\u00fchen [&hellip;]<\/p>\n<div class=\"shariff shariff-align-flex-start shariff-widget-align-flex-start\" style=\"display:none\" data-services=\"facebook\" data-url=\"https%3A%2F%2Fkirmesburschen-beuren.de%2Findex.php%2Fdatenschutz%2F\" data-timestamp=\"1544089288\" data-hidezero=\"1\" data-backendurl=\"https:\/\/kirmesburschen-beuren.de\/wp-json\/shariff\/v1\/share_counts?\"><ul class=\"shariff-buttons theme-default orientation-horizontal buttonsize-medium\"><li class=\"shariff-button facebook shariff-nocustomcolor\" style=\"background-color:#4273c8\"><a href=\"https:\/\/www.facebook.com\/sharer\/sharer.php?u=https%3A%2F%2Fkirmesburschen-beuren.de%2Findex.php%2Fdatenschutz%2F\" title=\"Bei Facebook teilen\" aria-label=\"Bei Facebook teilen\" role=\"button\" rel=\"nofollow\" class=\"shariff-link\" style=\"; background-color:#3b5998; color:#fff\" target=\"_blank\"><span class=\"shariff-icon\" style=\"\"><svg width=\"32px\" height=\"20px\" xmlns=\"http:\/\/www.w3.org\/2000\/svg\" viewBox=\"0 0 18 32\"><path fill=\"#3b5998\" d=\"M17.1 0.2v4.7h-2.8q-1.5 0-2.1 0.6t-0.5 1.9v3.4h5.2l-0.7 5.3h-4.5v13.6h-5.5v-13.6h-4.5v-5.3h4.5v-3.9q0-3.3 1.9-5.2t5-1.8q2.6 0 4.1 0.2z\"\/><\/svg><\/span><span class=\"shariff-text\">teilen<\/span>&nbsp;<span data-service=\"facebook\" style=\"color:#3b5998\" class=\"shariff-count shariff-hidezero\"><\/span>&nbsp;<\/a><\/li><li class=\"shariff-button whatsapp shariff-nocustomcolor\" style=\"background-color:#5cbe4a\"><a href=\"https:\/\/api.whatsapp.com\/send?text=https%3A%2F%2Fkirmesburschen-beuren.de%2Findex.php%2Fdatenschutz%2F%20Datenschutz\" title=\"Bei Whatsapp teilen\" aria-label=\"Bei Whatsapp teilen\" role=\"button\" rel=\"noopener nofollow\" class=\"shariff-link\" style=\"; background-color:#34af23; color:#fff\" target=\"_blank\"><span class=\"shariff-icon\" style=\"\"><svg width=\"32px\" height=\"20px\" xmlns=\"http:\/\/www.w3.org\/2000\/svg\" viewBox=\"0 0 32 32\"><path fill=\"#34af23\" d=\"M17.6 17.4q0.2 0 1.7 0.8t1.6 0.9q0 0.1 0 0.3 0 0.6-0.3 1.4-0.3 0.7-1.3 1.2t-1.8 0.5q-1 0-3.4-1.1-1.7-0.8-3-2.1t-2.6-3.3q-1.3-1.9-1.3-3.5v-0.1q0.1-1.6 1.3-2.8 0.4-0.4 0.9-0.4 0.1 0 0.3 0t0.3 0q0.3 0 0.5 0.1t0.3 0.5q0.1 0.4 0.6 1.6t0.4 1.3q0 0.4-0.6 1t-0.6 0.8q0 0.1 0.1 0.3 0.6 1.3 1.8 2.4 1 0.9 2.7 1.8 0.2 0.1 0.4 0.1 0.3 0 1-0.9t0.9-0.9zM14 26.9q2.3 0 4.3-0.9t3.6-2.4 2.4-3.6 0.9-4.3-0.9-4.3-2.4-3.6-3.6-2.4-4.3-0.9-4.3 0.9-3.6 2.4-2.4 3.6-0.9 4.3q0 3.6 2.1 6.6l-1.4 4.2 4.3-1.4q2.8 1.9 6.2 1.9zM14 2.2q2.7 0 5.2 1.1t4.3 2.9 2.9 4.3 1.1 5.2-1.1 5.2-2.9 4.3-4.3 2.9-5.2 1.1q-3.5 0-6.5-1.7l-7.4 2.4 2.4-7.2q-1.9-3.2-1.9-6.9 0-2.7 1.1-5.2t2.9-4.3 4.3-2.9 5.2-1.1z\"\/><\/svg><\/span><span class=\"shariff-text\">teilen<\/span>&nbsp;<\/a><\/li><\/ul><\/div>","protected":false},"author":3,"featured_media":0,"parent":0,"menu_order":0,"comment_status":"closed","ping_status":"closed","template":"","meta":{"_exactmetrics_skip_tracking":false,"_exactmetrics_sitenote_active":false,"_exactmetrics_sitenote_note":"","_exactmetrics_sitenote_category":0,"jetpack_post_was_ever_published":false,"footnotes":""},"class_list":["post-1843","page","type-page","status-publish","hentry"],"yoast_head":"<!-- This site is optimized with the Yoast SEO plugin v23.4 - https:\/\/yoast.com\/wordpress\/plugins\/seo\/ -->\n<title>Datenschutz - kirmesburschen-beuren.de<\/title>\n<meta name=\"robots\" content=\"index, follow, max-snippet:-1, max-image-preview:large, max-video-preview:-1\" \/>\n<link rel=\"canonical\" href=\"https:\/\/kirmesburschen-beuren.de\/index.php\/datenschutz\/\" \/>\n<meta name=\"twitter:label1\" content=\"Gesch\u00e4tzte Lesezeit\" \/>\n\t<meta name=\"twitter:data1\" content=\"7\u00a0Minuten\" \/>\n<script type=\"application\/ld+json\" class=\"yoast-schema-graph\">{\"@context\":\"https:\/\/schema.org\",\"@graph\":[{\"@type\":\"WebPage\",\"@id\":\"https:\/\/kirmesburschen-beuren.de\/index.php\/datenschutz\/\",\"url\":\"https:\/\/kirmesburschen-beuren.de\/index.php\/datenschutz\/\",\"name\":\"Datenschutz - kirmesburschen-beuren.de\",\"isPartOf\":{\"@id\":\"https:\/\/kirmesburschen-beuren.de\/#website\"},\"datePublished\":\"2018-12-06T08:41:28+00:00\",\"dateModified\":\"2018-12-06T08:41:28+00:00\",\"breadcrumb\":{\"@id\":\"https:\/\/kirmesburschen-beuren.de\/index.php\/datenschutz\/#breadcrumb\"},\"inLanguage\":\"de\",\"potentialAction\":[{\"@type\":\"ReadAction\",\"target\":[\"https:\/\/kirmesburschen-beuren.de\/index.php\/datenschutz\/\"]}]},{\"@type\":\"BreadcrumbList\",\"@id\":\"https:\/\/kirmesburschen-beuren.de\/index.php\/datenschutz\/#breadcrumb\",\"itemListElement\":[{\"@type\":\"ListItem\",\"position\":1,\"name\":\"Home\",\"item\":\"https:\/\/kirmesburschen-beuren.de\/\"},{\"@type\":\"ListItem\",\"position\":2,\"name\":\"Datenschutz\"}]},{\"@type\":\"WebSite\",\"@id\":\"https:\/\/kirmesburschen-beuren.de\/#website\",\"url\":\"https:\/\/kirmesburschen-beuren.de\/\",\"name\":\"kirmesburschen-beuren.de\",\"description\":\"- Tradition seit 1876 -\",\"potentialAction\":[{\"@type\":\"SearchAction\",\"target\":{\"@type\":\"EntryPoint\",\"urlTemplate\":\"https:\/\/kirmesburschen-beuren.de\/?s={search_term_string}\"},\"query-input\":{\"@type\":\"PropertyValueSpecification\",\"valueRequired\":true,\"valueName\":\"search_term_string\"}}],\"inLanguage\":\"de\"}]}<\/script>\n<!-- \/ Yoast SEO plugin. -->","yoast_head_json":{"title":"Datenschutz - kirmesburschen-beuren.de","robots":{"index":"index","follow":"follow","max-snippet":"max-snippet:-1","max-image-preview":"max-image-preview:large","max-video-preview":"max-video-preview:-1"},"canonical":"https:\/\/kirmesburschen-beuren.de\/index.php\/datenschutz\/","twitter_misc":{"Gesch\u00e4tzte Lesezeit":"7\u00a0Minuten"},"schema":{"@context":"https:\/\/schema.org","@graph":[{"@type":"WebPage","@id":"https:\/\/kirmesburschen-beuren.de\/index.php\/datenschutz\/","url":"https:\/\/kirmesburschen-beuren.de\/index.php\/datenschutz\/","name":"Datenschutz - kirmesburschen-beuren.de","isPartOf":{"@id":"https:\/\/kirmesburschen-beuren.de\/#website"},"datePublished":"2018-12-06T08:41:28+00:00","dateModified":"2018-12-06T08:41:28+00:00","breadcrumb":{"@id":"https:\/\/kirmesburschen-beuren.de\/index.php\/datenschutz\/#breadcrumb"},"inLanguage":"de","potentialAction":[{"@type":"ReadAction","target":["https:\/\/kirmesburschen-beuren.de\/index.php\/datenschutz\/"]}]},{"@type":"BreadcrumbList","@id":"https:\/\/kirmesburschen-beuren.de\/index.php\/datenschutz\/#breadcrumb","itemListElement":[{"@type":"ListItem","position":1,"name":"Home","item":"https:\/\/kirmesburschen-beuren.de\/"},{"@type":"ListItem","position":2,"name":"Datenschutz"}]},{"@type":"WebSite","@id":"https:\/\/kirmesburschen-beuren.de\/#website","url":"https:\/\/kirmesburschen-beuren.de\/","name":"kirmesburschen-beuren.de","description":"- Tradition seit 1876 -","potentialAction":[{"@type":"SearchAction","target":{"@type":"EntryPoint","urlTemplate":"https:\/\/kirmesburschen-beuren.de\/?s={search_term_string}"},"query-input":{"@type":"PropertyValueSpecification","valueRequired":true,"valueName":"search_term_string"}}],"inLanguage":"de"}]}},"jetpack_sharing_enabled":true,"jetpack_shortlink":"https:\/\/wp.me\/P69aUx-tJ","_links":{"self":[{"href":"https:\/\/kirmesburschen-beuren.de\/index.php\/wp-json\/wp\/v2\/pages\/1843"}],"collection":[{"href":"https:\/\/kirmesburschen-beuren.de\/index.php\/wp-json\/wp\/v2\/pages"}],"about":[{"href":"https:\/\/kirmesburschen-beuren.de\/index.php\/wp-json\/wp\/v2\/types\/page"}],"author":[{"embeddable":true,"href":"https:\/\/kirmesburschen-beuren.de\/index.php\/wp-json\/wp\/v2\/users\/3"}],"replies":[{"embeddable":true,"href":"https:\/\/kirmesburschen-beuren.de\/index.php\/wp-json\/wp\/v2\/comments?post=1843"}],"version-history":[{"count":4,"href":"https:\/\/kirmesburschen-beuren.de\/index.php\/wp-json\/wp\/v2\/pages\/1843\/revisions"}],"predecessor-version":[{"id":1847,"href":"https:\/\/kirmesburschen-beuren.de\/index.php\/wp-json\/wp\/v2\/pages\/1843\/revisions\/1847"}],"wp:attachment":[{"href":"https:\/\/kirmesburschen-beuren.de\/index.php\/wp-json\/wp\/v2\/media?parent=1843"}],"curies":[{"name":"wp","href":"https:\/\/api.w.org\/{rel}","templated":true}]}}