{"id":1172,"date":"2016-12-05T11:56:55","date_gmt":"2016-12-05T10:56:55","guid":{"rendered":"https:\/\/kirmesburschen-beuren.de\/?page_id=1172"},"modified":"2016-12-05T12:23:11","modified_gmt":"2016-12-05T11:23:11","slug":"die-tradition-der-beurischen-kirmes-und-ihre-weiterentwicklung","status":"publish","type":"page","link":"https:\/\/kirmesburschen-beuren.de\/index.php\/die-tradition-der-beurischen-kirmes-und-ihre-weiterentwicklung\/","title":{"rendered":"Die Tradition der Beurischen Kirmes"},"content":{"rendered":"<p>Bis 1870 wurde \u00a0die Gro\u00dfe Kirmes in Beuren auf den letzten Sonntag im September, dem Michaelistag gefeiert. 1870\/71 war der franz\u00f6sische Krieg, wozu auch die j\u00fcngere Generation von Beuren rekrutiert wurde. Die vierte Kirche in Beuren, \u00a0St. Pankratius, wurde von 1870 bis 1873 erbaut. Die Altarweihe war am 20. Juni 1873. Ausgehend von m\u00fcndlichen \u00dcberlieferungen und dem Bericht \u201eDas Leben in Beuren um 1910\u201c (verfasst von A. H\u00fchnermund, \u00a0E. Sch\u00f6nek\u00e4s und nachzulesen in 875 Jahre Beuren \u2013 Beitr\u00e4ge zur Geschichte eines Dorfes im Eichsfeld von 1128 \u2013 2003) ist das Feiern der Kirmes 1876 wieder begonnen wurden. Im Eichsfeld sind die Monate Oktober und November die beliebten Kirmesmonate. Dieses hing damit zusammen, dass man nach beendeter Ernte endlich Zeit zum Feiern fand. So wurde im Jahre 1876 die erste Gro\u00dfe Kirmes am 3. Sonntag im Oktober gefeiert.<\/p>\n<p><img data-recalc-dims=\"1\" loading=\"lazy\" decoding=\"async\" class=\"aligncenter size-full wp-image-1173\" src=\"https:\/\/i0.wp.com\/kirmesburschen-beuren.de\/wp-content\/uploads\/2016\/12\/Foto-11.jpg?resize=1170%2C792&#038;ssl=1\" alt=\"foto-11\" width=\"1170\" height=\"792\" srcset=\"https:\/\/i0.wp.com\/kirmesburschen-beuren.de\/wp-content\/uploads\/2016\/12\/Foto-11.jpg?w=800&amp;ssl=1 800w, https:\/\/i0.wp.com\/kirmesburschen-beuren.de\/wp-content\/uploads\/2016\/12\/Foto-11.jpg?resize=300%2C203&amp;ssl=1 300w, https:\/\/i0.wp.com\/kirmesburschen-beuren.de\/wp-content\/uploads\/2016\/12\/Foto-11.jpg?resize=768%2C520&amp;ssl=1 768w, https:\/\/i0.wp.com\/kirmesburschen-beuren.de\/wp-content\/uploads\/2016\/12\/Foto-11.jpg?resize=1024%2C693&amp;ssl=1 1024w, https:\/\/i0.wp.com\/kirmesburschen-beuren.de\/wp-content\/uploads\/2016\/12\/Foto-11.jpg?resize=830%2C562&amp;ssl=1 830w, https:\/\/i0.wp.com\/kirmesburschen-beuren.de\/wp-content\/uploads\/2016\/12\/Foto-11.jpg?resize=230%2C156&amp;ssl=1 230w, https:\/\/i0.wp.com\/kirmesburschen-beuren.de\/wp-content\/uploads\/2016\/12\/Foto-11.jpg?resize=350%2C237&amp;ssl=1 350w\" sizes=\"(max-width: 1170px) 100vw, 1170px\" \/><\/p>\n<p>Das Feiern der Kirmes hat sich nat\u00fcrlich durch den sozialen und kulturellen Wandel im Laufe der Jahre ver\u00e4ndert. Die Grundwerte dieses Volksfestes sind geblieben, die Deftigkeit ist aber unterschiedlich gewesen. So gab es Jahre, in denen die Kirmesburschen keine rosige Zeit hatten. Es kam vor, dass sie nur mit Hammel auf dem Handwagen und Blechmusik durchs Dorf gezogen sind.\u00a0 Unsere V\u00e4ter, Gro\u00dfv\u00e4ter und Urgro\u00dfv\u00e4ter haben es in der Vergangenheit verstanden, trotz unterschiedlicher politischer Verh\u00e4ltnisse, die Kirmes zu erhalten und weiter zutragen. Die letzte Kirmes in Folge wurde 1938 gefeiert.\u00a0 \u00a0Der 2. Weltkrieg hat das Feiern der Kirmes unterbrochen. Der Geist der Kirmes lebte in den Herzen der Beuerschen jedoch weiter und so konnte der 1. Platzmeister von 1946, Herman Kesting, \u00a0die erste Nach-kriegskirmes organisieren. Die urspr\u00fcngliche Kopfbedeckung der Kirmesburschen, entsprechende Papierm\u00fctzen, konnten aufgrund der Nachkriegszeit zur ersten Kirmes nicht beschafft werden. Daraufhin wurde als Erg\u00e4nzung der Kirmesburschentracht das Tragen des Zylinders in der noch heutigen Form eingef\u00fchrt. Im Laufe der Jahre haben verantwortliche Platzmeister dem Feiern der Kirmes, bez\u00fcglich seiner Bedeutung f\u00fcr das Dorf, weitere Zeichen und Impulse verliehen. So wurde 1952 erstmals eine Burschenfahne als Zeichen f\u00fcr, den damals noch lockeren, Burschenverbund mitgef\u00fchrt.<\/p>\n<p><img data-recalc-dims=\"1\" loading=\"lazy\" decoding=\"async\" class=\"aligncenter size-full wp-image-1174\" src=\"https:\/\/i0.wp.com\/kirmesburschen-beuren.de\/wp-content\/uploads\/2016\/12\/Foto-1.jpg?resize=1170%2C760&#038;ssl=1\" alt=\"foto-1\" width=\"1170\" height=\"760\" srcset=\"https:\/\/i0.wp.com\/kirmesburschen-beuren.de\/wp-content\/uploads\/2016\/12\/Foto-1.jpg?w=800&amp;ssl=1 800w, https:\/\/i0.wp.com\/kirmesburschen-beuren.de\/wp-content\/uploads\/2016\/12\/Foto-1.jpg?resize=300%2C195&amp;ssl=1 300w, https:\/\/i0.wp.com\/kirmesburschen-beuren.de\/wp-content\/uploads\/2016\/12\/Foto-1.jpg?resize=768%2C499&amp;ssl=1 768w, https:\/\/i0.wp.com\/kirmesburschen-beuren.de\/wp-content\/uploads\/2016\/12\/Foto-1.jpg?resize=1024%2C665&amp;ssl=1 1024w, https:\/\/i0.wp.com\/kirmesburschen-beuren.de\/wp-content\/uploads\/2016\/12\/Foto-1.jpg?resize=830%2C539&amp;ssl=1 830w, https:\/\/i0.wp.com\/kirmesburschen-beuren.de\/wp-content\/uploads\/2016\/12\/Foto-1.jpg?resize=230%2C149&amp;ssl=1 230w, https:\/\/i0.wp.com\/kirmesburschen-beuren.de\/wp-content\/uploads\/2016\/12\/Foto-1.jpg?resize=350%2C227&amp;ssl=1 350w\" sizes=\"(max-width: 1170px) 100vw, 1170px\" \/><\/p>\n<p>Der 1. Platzmeister von 1962, Karl-Heinz Huke, hat offiziell das Schlipskreuz eingef\u00fchrt. Das Schlipskreuz, welches noch heute mitgef\u00fchrt wird und stets am Ende der Burschenreihe positioniert ist, hat folgende Bewandtnis: Zu bestimmten Jahren (nicht genau nachvollziehbar) mussten die Burschen zum Treffen vor dem Ausgraben der Kirmes mit gro\u00dfer Fliege erscheinen. Diese waren einheitlich und wurden im Vorfeld an die Burschen ausgeteilt. Wer nun mit einem Schlips erschienen ist, dem wurde er abgeschnitten. Das war damals teilweise sehr schmerzlich, da ein guter Schlips ein seltenes Kleidungsst\u00fcck war. Es war daher eine harte Disziplinarma\u00dfnahme. Somit ergab es sich ab 1962, dass die Burschen \u00a0\u201ealte Schlipse\u201c mitbrachten die abgeschnitten wurden. Daraus konnte das Schlipskreuz dann angefertigt werden.<\/p>\n<p>Der 1. Platzmeister von 1968, Hubert Thume, hat das Liedesgut der Kirmesburschen gesammelt und festgeschrieben. So gibt es Pflichtlieder f\u00fcr bestimmte Rituale und allgemein \u00fcberlieferte f\u00fcr die jeweilige Situation der Feierlichkeiten. \u00a0Der 1. Platzmeister von 1969, Karl-Josef Sch\u00e4fer, hat den Fr\u00fchschoppen am Kirmesmontag auf dem Saal mit Blasmusik und Schlachteplatte eingef\u00fchrt. Hier gab es in den ersten Jahren Anlaufschwierigkeiten, er ist \u00a0aber heute von der Kirmes nicht mehr wegzudenken. \u00a0Erster Jubil\u00e4umsh\u00f6hepunkt in den Jahren der Kirmes war 1976 mit dem Fest \u201e100 Jahre Gro\u00dfe Kirmes in Beuren\u201c. Dieses Fest \u00a0konnte zur damaligen Zeit nicht als Traditionsfest gefeiert werden, da auch die d\u00f6rfliche Kultur dem Druck und Einfluss der sozialistischen Ideologie ausgesetzt war. Trotzdem bekamen die Kirmesburschen ein \u201eWestgeschenk\u201c. Ein geb\u00fcrtiger Beuerscher, der\u00a0 in der Kindheit und Jugend die Schule von Tradition und Brauchtumspflege erleben durfte und nun in der Fremde wohnte, hatte zum Jubil\u00e4um \u201e100 Jahre Gro\u00dfe Kirmes in Beuren\u201c sein Heimatgef\u00fchl unter Beweis gestellt. Rudi Breitenstein \u00fcbergab den Kirmesburschen zur Jubil\u00e4umskirmes 1976 eine Burschenfahne als Geschenk.<\/p>\n<p><img data-recalc-dims=\"1\" loading=\"lazy\" decoding=\"async\" class=\"aligncenter size-full wp-image-1176\" src=\"https:\/\/i0.wp.com\/kirmesburschen-beuren.de\/wp-content\/uploads\/2016\/12\/Foto7.jpg?resize=608%2C600&#038;ssl=1\" alt=\"foto7\" width=\"608\" height=\"600\" srcset=\"https:\/\/i0.wp.com\/kirmesburschen-beuren.de\/wp-content\/uploads\/2016\/12\/Foto7.jpg?w=608&amp;ssl=1 608w, https:\/\/i0.wp.com\/kirmesburschen-beuren.de\/wp-content\/uploads\/2016\/12\/Foto7.jpg?resize=300%2C296&amp;ssl=1 300w, https:\/\/i0.wp.com\/kirmesburschen-beuren.de\/wp-content\/uploads\/2016\/12\/Foto7.jpg?resize=230%2C227&amp;ssl=1 230w, https:\/\/i0.wp.com\/kirmesburschen-beuren.de\/wp-content\/uploads\/2016\/12\/Foto7.jpg?resize=350%2C345&amp;ssl=1 350w\" sizes=\"(max-width: 608px) 100vw, 608px\" \/><\/p>\n<p>Sie wurde extra angefertigt und war f\u00fcr die Beuerschen ein Schmuckst\u00fcck. Doch die Freude w\u00e4hrte nicht lange. Denn die Fahne war bald verschwunden. Musste die Jubil\u00e4ums-kirmes 1996 \u201e120 Gro\u00dfe Kirmes in Beuren\u201c noch ohne sie auskommen, konnte die verlorengegangene Fahne 2001 die \u201e125. Gro\u00dfe Kirmes\u201c wieder begleiten. Die Kirmes 1989, der Zeitpunkt kurz vor der Wende, stellte die Kirmesburschen auf eine besondere Probe. Sie mussten beweisen, dass der Sinn und Zweck des Bandes der Freundschaft ein anerzogenes Zeichen der Burschenschaft ist. Es war die Zeit, wo man begann, sich f\u00fcr die Erneuerung der Gesellschaft einzusetzen. Als \u00e4u\u00dferes Zeichen wurden brennende Kerzen in die Fenster gestellt. Als Zeichen der Verbundenheit taten die Kirmesburschen \u00e4hnliches. Sie stellten brennende Kerzen auf der Leitlinie der B80 auf. Nach dieser Aktion feierten sie weiter. Doch nicht mehr lange. Pl\u00f6tzlich stand ein Einsatzwagen, geeignet f\u00fcr Verh\u00f6re und Abtransport, mit \u201eGenossen\u201c der Kripo und Stasi vor der T\u00fcr. Sie drangen in den Raum ein und wollten die Kirmesburschen einsch\u00fcchtern und einzeln vernehmen. Doch durch das geschlossene Verhalten der Burschen gelang dieses jedoch nicht und Sie konnten sich der Stasi entziehen.<\/p>\n<p>1990 konnte dann die erste Kirmes im vereinten Deutschland gefeiert werden und nur zwei Jahre sp\u00e4ter, am 4. September 1992, organisierten sich die Burschen im neu gegr\u00fcndeten \u201eKirmesburschenverein Beuren e.V.\u201c. Es war das erste Mal, dass die Kirmesburschen einer Vereinsstruktur mit\u00a0 Vorstand und Satzung unterlagen. Die Aufgabe des Vorstandes ist es die Tradition des Feierns der Kleinen und Gro\u00dfen Kirmes in Beuren zu bewahren. Die Organisation der Kirmes bleibt jedoch traditionsgem\u00e4\u00df in der Verantwortung der, von den Burschen gew\u00e4hlten, 1. und 2. Platzmeistern.\u00a0 1991 und 1994 wurden in Beuren unter anderem die Freifl\u00e4chen Anger, Hirttor, Beuertor und Burgtor eingeweiht. Diese Termine wurden nicht umsonst auf die jeweilige Kirmes gelegt.<\/p>\n<p><img data-recalc-dims=\"1\" loading=\"lazy\" decoding=\"async\" class=\"aligncenter size-full wp-image-1177\" src=\"https:\/\/i0.wp.com\/kirmesburschen-beuren.de\/wp-content\/uploads\/2016\/12\/IMG_0017.jpg?resize=800%2C533&#038;ssl=1\" alt=\"img_0017\" width=\"800\" height=\"533\" srcset=\"https:\/\/i0.wp.com\/kirmesburschen-beuren.de\/wp-content\/uploads\/2016\/12\/IMG_0017.jpg?w=800&amp;ssl=1 800w, https:\/\/i0.wp.com\/kirmesburschen-beuren.de\/wp-content\/uploads\/2016\/12\/IMG_0017.jpg?resize=300%2C200&amp;ssl=1 300w, https:\/\/i0.wp.com\/kirmesburschen-beuren.de\/wp-content\/uploads\/2016\/12\/IMG_0017.jpg?resize=768%2C512&amp;ssl=1 768w, https:\/\/i0.wp.com\/kirmesburschen-beuren.de\/wp-content\/uploads\/2016\/12\/IMG_0017.jpg?resize=230%2C153&amp;ssl=1 230w, https:\/\/i0.wp.com\/kirmesburschen-beuren.de\/wp-content\/uploads\/2016\/12\/IMG_0017.jpg?resize=350%2C233&amp;ssl=1 350w, https:\/\/i0.wp.com\/kirmesburschen-beuren.de\/wp-content\/uploads\/2016\/12\/IMG_0017.jpg?resize=272%2C182&amp;ssl=1 272w\" sizes=\"(max-width: 800px) 100vw, 800px\" \/><\/p>\n<p>Mit dem pflanzen der Jugend- und Angerlinden sollte der Jugend des Dorfes gezeigt werden wie wichtig die Erhaltung einer Tradition ist. In den Jahren 1996, 2001, 2006 und 2011 wurde eine gro\u00dfe Jubil\u00e4umskirmes gefeiert. Mit der Beteiligung von zahlreichen Burschen und Altburschen reihte sich auch die\u00a0Jubil\u00e4umskirmes 2016 \u201e140 Jahre Gro\u00dfe Kirmes\u201c erfolgreich in die lange Tradition unserer Kirmes in Beuren ein.<\/p>\n<div class=\"shariff shariff-align-flex-start shariff-widget-align-flex-start\" style=\"display:none\" data-services=\"facebook\" data-url=\"https%3A%2F%2Fkirmesburschen-beuren.de%2Findex.php%2Fdie-tradition-der-beurischen-kirmes-und-ihre-weiterentwicklung%2F\" data-timestamp=\"1480940591\" data-hidezero=\"1\" data-backendurl=\"https:\/\/kirmesburschen-beuren.de\/wp-json\/shariff\/v1\/share_counts?\"><ul class=\"shariff-buttons theme-default orientation-horizontal buttonsize-medium\"><li class=\"shariff-button facebook shariff-nocustomcolor\" style=\"background-color:#4273c8\"><a href=\"https:\/\/www.facebook.com\/sharer\/sharer.php?u=https%3A%2F%2Fkirmesburschen-beuren.de%2Findex.php%2Fdie-tradition-der-beurischen-kirmes-und-ihre-weiterentwicklung%2F\" title=\"Bei Facebook teilen\" aria-label=\"Bei Facebook teilen\" role=\"button\" rel=\"nofollow\" class=\"shariff-link\" style=\"; background-color:#3b5998; color:#fff\" target=\"_blank\"><span class=\"shariff-icon\" style=\"\"><svg width=\"32px\" height=\"20px\" xmlns=\"http:\/\/www.w3.org\/2000\/svg\" viewBox=\"0 0 18 32\"><path fill=\"#3b5998\" d=\"M17.1 0.2v4.7h-2.8q-1.5 0-2.1 0.6t-0.5 1.9v3.4h5.2l-0.7 5.3h-4.5v13.6h-5.5v-13.6h-4.5v-5.3h4.5v-3.9q0-3.3 1.9-5.2t5-1.8q2.6 0 4.1 0.2z\"\/><\/svg><\/span><span class=\"shariff-text\">teilen<\/span>&nbsp;<span data-service=\"facebook\" style=\"color:#3b5998\" class=\"shariff-count shariff-hidezero\"><\/span>&nbsp;<\/a><\/li><li class=\"shariff-button whatsapp shariff-nocustomcolor\" style=\"background-color:#5cbe4a\"><a href=\"https:\/\/api.whatsapp.com\/send?text=https%3A%2F%2Fkirmesburschen-beuren.de%2Findex.php%2Fdie-tradition-der-beurischen-kirmes-und-ihre-weiterentwicklung%2F%20Die%20Tradition%20der%20Beurischen%20Kirmes\" title=\"Bei Whatsapp teilen\" aria-label=\"Bei Whatsapp teilen\" role=\"button\" rel=\"noopener nofollow\" class=\"shariff-link\" style=\"; background-color:#34af23; color:#fff\" target=\"_blank\"><span class=\"shariff-icon\" style=\"\"><svg width=\"32px\" height=\"20px\" xmlns=\"http:\/\/www.w3.org\/2000\/svg\" viewBox=\"0 0 32 32\"><path fill=\"#34af23\" d=\"M17.6 17.4q0.2 0 1.7 0.8t1.6 0.9q0 0.1 0 0.3 0 0.6-0.3 1.4-0.3 0.7-1.3 1.2t-1.8 0.5q-1 0-3.4-1.1-1.7-0.8-3-2.1t-2.6-3.3q-1.3-1.9-1.3-3.5v-0.1q0.1-1.6 1.3-2.8 0.4-0.4 0.9-0.4 0.1 0 0.3 0t0.3 0q0.3 0 0.5 0.1t0.3 0.5q0.1 0.4 0.6 1.6t0.4 1.3q0 0.4-0.6 1t-0.6 0.8q0 0.1 0.1 0.3 0.6 1.3 1.8 2.4 1 0.9 2.7 1.8 0.2 0.1 0.4 0.1 0.3 0 1-0.9t0.9-0.9zM14 26.9q2.3 0 4.3-0.9t3.6-2.4 2.4-3.6 0.9-4.3-0.9-4.3-2.4-3.6-3.6-2.4-4.3-0.9-4.3 0.9-3.6 2.4-2.4 3.6-0.9 4.3q0 3.6 2.1 6.6l-1.4 4.2 4.3-1.4q2.8 1.9 6.2 1.9zM14 2.2q2.7 0 5.2 1.1t4.3 2.9 2.9 4.3 1.1 5.2-1.1 5.2-2.9 4.3-4.3 2.9-5.2 1.1q-3.5 0-6.5-1.7l-7.4 2.4 2.4-7.2q-1.9-3.2-1.9-6.9 0-2.7 1.1-5.2t2.9-4.3 4.3-2.9 5.2-1.1z\"\/><\/svg><\/span><span class=\"shariff-text\">teilen<\/span>&nbsp;<\/a><\/li><\/ul><\/div>","protected":false},"excerpt":{"rendered":"<p>Bis 1870 wurde \u00a0die Gro\u00dfe Kirmes in Beuren auf den letzten Sonntag [&hellip;]<\/p>\n<div class=\"shariff shariff-align-flex-start shariff-widget-align-flex-start\" style=\"display:none\" data-services=\"facebook\" data-url=\"https%3A%2F%2Fkirmesburschen-beuren.de%2Findex.php%2Fdie-tradition-der-beurischen-kirmes-und-ihre-weiterentwicklung%2F\" data-timestamp=\"1480940591\" data-hidezero=\"1\" data-backendurl=\"https:\/\/kirmesburschen-beuren.de\/wp-json\/shariff\/v1\/share_counts?\"><ul class=\"shariff-buttons theme-default orientation-horizontal buttonsize-medium\"><li class=\"shariff-button facebook shariff-nocustomcolor\" style=\"background-color:#4273c8\"><a href=\"https:\/\/www.facebook.com\/sharer\/sharer.php?u=https%3A%2F%2Fkirmesburschen-beuren.de%2Findex.php%2Fdie-tradition-der-beurischen-kirmes-und-ihre-weiterentwicklung%2F\" title=\"Bei Facebook teilen\" aria-label=\"Bei Facebook teilen\" role=\"button\" rel=\"nofollow\" class=\"shariff-link\" style=\"; background-color:#3b5998; color:#fff\" target=\"_blank\"><span class=\"shariff-icon\" style=\"\"><svg width=\"32px\" height=\"20px\" xmlns=\"http:\/\/www.w3.org\/2000\/svg\" viewBox=\"0 0 18 32\"><path fill=\"#3b5998\" d=\"M17.1 0.2v4.7h-2.8q-1.5 0-2.1 0.6t-0.5 1.9v3.4h5.2l-0.7 5.3h-4.5v13.6h-5.5v-13.6h-4.5v-5.3h4.5v-3.9q0-3.3 1.9-5.2t5-1.8q2.6 0 4.1 0.2z\"\/><\/svg><\/span><span class=\"shariff-text\">teilen<\/span>&nbsp;<span data-service=\"facebook\" style=\"color:#3b5998\" class=\"shariff-count shariff-hidezero\"><\/span>&nbsp;<\/a><\/li><li class=\"shariff-button whatsapp shariff-nocustomcolor\" style=\"background-color:#5cbe4a\"><a href=\"https:\/\/api.whatsapp.com\/send?text=https%3A%2F%2Fkirmesburschen-beuren.de%2Findex.php%2Fdie-tradition-der-beurischen-kirmes-und-ihre-weiterentwicklung%2F%20Die%20Tradition%20der%20Beurischen%20Kirmes\" title=\"Bei Whatsapp teilen\" aria-label=\"Bei Whatsapp teilen\" role=\"button\" rel=\"noopener nofollow\" class=\"shariff-link\" style=\"; background-color:#34af23; color:#fff\" target=\"_blank\"><span class=\"shariff-icon\" style=\"\"><svg width=\"32px\" height=\"20px\" xmlns=\"http:\/\/www.w3.org\/2000\/svg\" viewBox=\"0 0 32 32\"><path fill=\"#34af23\" d=\"M17.6 17.4q0.2 0 1.7 0.8t1.6 0.9q0 0.1 0 0.3 0 0.6-0.3 1.4-0.3 0.7-1.3 1.2t-1.8 0.5q-1 0-3.4-1.1-1.7-0.8-3-2.1t-2.6-3.3q-1.3-1.9-1.3-3.5v-0.1q0.1-1.6 1.3-2.8 0.4-0.4 0.9-0.4 0.1 0 0.3 0t0.3 0q0.3 0 0.5 0.1t0.3 0.5q0.1 0.4 0.6 1.6t0.4 1.3q0 0.4-0.6 1t-0.6 0.8q0 0.1 0.1 0.3 0.6 1.3 1.8 2.4 1 0.9 2.7 1.8 0.2 0.1 0.4 0.1 0.3 0 1-0.9t0.9-0.9zM14 26.9q2.3 0 4.3-0.9t3.6-2.4 2.4-3.6 0.9-4.3-0.9-4.3-2.4-3.6-3.6-2.4-4.3-0.9-4.3 0.9-3.6 2.4-2.4 3.6-0.9 4.3q0 3.6 2.1 6.6l-1.4 4.2 4.3-1.4q2.8 1.9 6.2 1.9zM14 2.2q2.7 0 5.2 1.1t4.3 2.9 2.9 4.3 1.1 5.2-1.1 5.2-2.9 4.3-4.3 2.9-5.2 1.1q-3.5 0-6.5-1.7l-7.4 2.4 2.4-7.2q-1.9-3.2-1.9-6.9 0-2.7 1.1-5.2t2.9-4.3 4.3-2.9 5.2-1.1z\"\/><\/svg><\/span><span class=\"shariff-text\">teilen<\/span>&nbsp;<\/a><\/li><\/ul><\/div>","protected":false},"author":3,"featured_media":0,"parent":0,"menu_order":0,"comment_status":"closed","ping_status":"closed","template":"","meta":{"_exactmetrics_skip_tracking":false,"_exactmetrics_sitenote_active":false,"_exactmetrics_sitenote_note":"","_exactmetrics_sitenote_category":0,"jetpack_post_was_ever_published":false,"footnotes":""},"class_list":["post-1172","page","type-page","status-publish","hentry"],"yoast_head":"<!-- This site is optimized with the Yoast SEO plugin v23.4 - https:\/\/yoast.com\/wordpress\/plugins\/seo\/ -->\n<title>Die Tradition der Beurischen Kirmes - kirmesburschen-beuren.de<\/title>\n<meta name=\"robots\" content=\"index, follow, max-snippet:-1, max-image-preview:large, max-video-preview:-1\" \/>\n<link rel=\"canonical\" href=\"https:\/\/kirmesburschen-beuren.de\/index.php\/die-tradition-der-beurischen-kirmes-und-ihre-weiterentwicklung\/\" \/>\n<meta name=\"twitter:label1\" content=\"Gesch\u00e4tzte Lesezeit\" \/>\n\t<meta name=\"twitter:data1\" content=\"5\u00a0Minuten\" \/>\n<script type=\"application\/ld+json\" class=\"yoast-schema-graph\">{\"@context\":\"https:\/\/schema.org\",\"@graph\":[{\"@type\":\"WebPage\",\"@id\":\"https:\/\/kirmesburschen-beuren.de\/index.php\/die-tradition-der-beurischen-kirmes-und-ihre-weiterentwicklung\/\",\"url\":\"https:\/\/kirmesburschen-beuren.de\/index.php\/die-tradition-der-beurischen-kirmes-und-ihre-weiterentwicklung\/\",\"name\":\"Die Tradition der Beurischen Kirmes - kirmesburschen-beuren.de\",\"isPartOf\":{\"@id\":\"https:\/\/kirmesburschen-beuren.de\/#website\"},\"primaryImageOfPage\":{\"@id\":\"https:\/\/kirmesburschen-beuren.de\/index.php\/die-tradition-der-beurischen-kirmes-und-ihre-weiterentwicklung\/#primaryimage\"},\"image\":{\"@id\":\"https:\/\/kirmesburschen-beuren.de\/index.php\/die-tradition-der-beurischen-kirmes-und-ihre-weiterentwicklung\/#primaryimage\"},\"thumbnailUrl\":\"https:\/\/kirmesburschen-beuren.de\/wp-content\/uploads\/2016\/12\/Foto-11.jpg\",\"datePublished\":\"2016-12-05T10:56:55+00:00\",\"dateModified\":\"2016-12-05T11:23:11+00:00\",\"breadcrumb\":{\"@id\":\"https:\/\/kirmesburschen-beuren.de\/index.php\/die-tradition-der-beurischen-kirmes-und-ihre-weiterentwicklung\/#breadcrumb\"},\"inLanguage\":\"de\",\"potentialAction\":[{\"@type\":\"ReadAction\",\"target\":[\"https:\/\/kirmesburschen-beuren.de\/index.php\/die-tradition-der-beurischen-kirmes-und-ihre-weiterentwicklung\/\"]}]},{\"@type\":\"ImageObject\",\"inLanguage\":\"de\",\"@id\":\"https:\/\/kirmesburschen-beuren.de\/index.php\/die-tradition-der-beurischen-kirmes-und-ihre-weiterentwicklung\/#primaryimage\",\"url\":\"https:\/\/i0.wp.com\/kirmesburschen-beuren.de\/wp-content\/uploads\/2016\/12\/Foto-11.jpg?fit=800%2C541&ssl=1\",\"contentUrl\":\"https:\/\/i0.wp.com\/kirmesburschen-beuren.de\/wp-content\/uploads\/2016\/12\/Foto-11.jpg?fit=800%2C541&ssl=1\",\"width\":800,\"height\":541},{\"@type\":\"BreadcrumbList\",\"@id\":\"https:\/\/kirmesburschen-beuren.de\/index.php\/die-tradition-der-beurischen-kirmes-und-ihre-weiterentwicklung\/#breadcrumb\",\"itemListElement\":[{\"@type\":\"ListItem\",\"position\":1,\"name\":\"Home\",\"item\":\"https:\/\/kirmesburschen-beuren.de\/\"},{\"@type\":\"ListItem\",\"position\":2,\"name\":\"Die Tradition der Beurischen Kirmes\"}]},{\"@type\":\"WebSite\",\"@id\":\"https:\/\/kirmesburschen-beuren.de\/#website\",\"url\":\"https:\/\/kirmesburschen-beuren.de\/\",\"name\":\"kirmesburschen-beuren.de\",\"description\":\"- Tradition seit 1876 -\",\"potentialAction\":[{\"@type\":\"SearchAction\",\"target\":{\"@type\":\"EntryPoint\",\"urlTemplate\":\"https:\/\/kirmesburschen-beuren.de\/?s={search_term_string}\"},\"query-input\":{\"@type\":\"PropertyValueSpecification\",\"valueRequired\":true,\"valueName\":\"search_term_string\"}}],\"inLanguage\":\"de\"}]}<\/script>\n<!-- \/ Yoast SEO plugin. -->","yoast_head_json":{"title":"Die Tradition der Beurischen Kirmes - kirmesburschen-beuren.de","robots":{"index":"index","follow":"follow","max-snippet":"max-snippet:-1","max-image-preview":"max-image-preview:large","max-video-preview":"max-video-preview:-1"},"canonical":"https:\/\/kirmesburschen-beuren.de\/index.php\/die-tradition-der-beurischen-kirmes-und-ihre-weiterentwicklung\/","twitter_misc":{"Gesch\u00e4tzte Lesezeit":"5\u00a0Minuten"},"schema":{"@context":"https:\/\/schema.org","@graph":[{"@type":"WebPage","@id":"https:\/\/kirmesburschen-beuren.de\/index.php\/die-tradition-der-beurischen-kirmes-und-ihre-weiterentwicklung\/","url":"https:\/\/kirmesburschen-beuren.de\/index.php\/die-tradition-der-beurischen-kirmes-und-ihre-weiterentwicklung\/","name":"Die Tradition der Beurischen Kirmes - kirmesburschen-beuren.de","isPartOf":{"@id":"https:\/\/kirmesburschen-beuren.de\/#website"},"primaryImageOfPage":{"@id":"https:\/\/kirmesburschen-beuren.de\/index.php\/die-tradition-der-beurischen-kirmes-und-ihre-weiterentwicklung\/#primaryimage"},"image":{"@id":"https:\/\/kirmesburschen-beuren.de\/index.php\/die-tradition-der-beurischen-kirmes-und-ihre-weiterentwicklung\/#primaryimage"},"thumbnailUrl":"https:\/\/kirmesburschen-beuren.de\/wp-content\/uploads\/2016\/12\/Foto-11.jpg","datePublished":"2016-12-05T10:56:55+00:00","dateModified":"2016-12-05T11:23:11+00:00","breadcrumb":{"@id":"https:\/\/kirmesburschen-beuren.de\/index.php\/die-tradition-der-beurischen-kirmes-und-ihre-weiterentwicklung\/#breadcrumb"},"inLanguage":"de","potentialAction":[{"@type":"ReadAction","target":["https:\/\/kirmesburschen-beuren.de\/index.php\/die-tradition-der-beurischen-kirmes-und-ihre-weiterentwicklung\/"]}]},{"@type":"ImageObject","inLanguage":"de","@id":"https:\/\/kirmesburschen-beuren.de\/index.php\/die-tradition-der-beurischen-kirmes-und-ihre-weiterentwicklung\/#primaryimage","url":"https:\/\/i0.wp.com\/kirmesburschen-beuren.de\/wp-content\/uploads\/2016\/12\/Foto-11.jpg?fit=800%2C541&ssl=1","contentUrl":"https:\/\/i0.wp.com\/kirmesburschen-beuren.de\/wp-content\/uploads\/2016\/12\/Foto-11.jpg?fit=800%2C541&ssl=1","width":800,"height":541},{"@type":"BreadcrumbList","@id":"https:\/\/kirmesburschen-beuren.de\/index.php\/die-tradition-der-beurischen-kirmes-und-ihre-weiterentwicklung\/#breadcrumb","itemListElement":[{"@type":"ListItem","position":1,"name":"Home","item":"https:\/\/kirmesburschen-beuren.de\/"},{"@type":"ListItem","position":2,"name":"Die Tradition der Beurischen Kirmes"}]},{"@type":"WebSite","@id":"https:\/\/kirmesburschen-beuren.de\/#website","url":"https:\/\/kirmesburschen-beuren.de\/","name":"kirmesburschen-beuren.de","description":"- Tradition seit 1876 -","potentialAction":[{"@type":"SearchAction","target":{"@type":"EntryPoint","urlTemplate":"https:\/\/kirmesburschen-beuren.de\/?s={search_term_string}"},"query-input":{"@type":"PropertyValueSpecification","valueRequired":true,"valueName":"search_term_string"}}],"inLanguage":"de"}]}},"jetpack_sharing_enabled":true,"jetpack_shortlink":"https:\/\/wp.me\/P69aUx-iU","_links":{"self":[{"href":"https:\/\/kirmesburschen-beuren.de\/index.php\/wp-json\/wp\/v2\/pages\/1172"}],"collection":[{"href":"https:\/\/kirmesburschen-beuren.de\/index.php\/wp-json\/wp\/v2\/pages"}],"about":[{"href":"https:\/\/kirmesburschen-beuren.de\/index.php\/wp-json\/wp\/v2\/types\/page"}],"author":[{"embeddable":true,"href":"https:\/\/kirmesburschen-beuren.de\/index.php\/wp-json\/wp\/v2\/users\/3"}],"replies":[{"embeddable":true,"href":"https:\/\/kirmesburschen-beuren.de\/index.php\/wp-json\/wp\/v2\/comments?post=1172"}],"version-history":[{"count":7,"href":"https:\/\/kirmesburschen-beuren.de\/index.php\/wp-json\/wp\/v2\/pages\/1172\/revisions"}],"predecessor-version":[{"id":1188,"href":"https:\/\/kirmesburschen-beuren.de\/index.php\/wp-json\/wp\/v2\/pages\/1172\/revisions\/1188"}],"wp:attachment":[{"href":"https:\/\/kirmesburschen-beuren.de\/index.php\/wp-json\/wp\/v2\/media?parent=1172"}],"curies":[{"name":"wp","href":"https:\/\/api.w.org\/{rel}","templated":true}]}}